{"id":1165,"date":"2023-07-03T12:54:17","date_gmt":"2023-07-03T12:54:17","guid":{"rendered":"https:\/\/syndesisdev.wpengine.com\/resources\/mayo-de-2023\/"},"modified":"2023-08-07T13:21:42","modified_gmt":"2023-08-07T13:21:42","slug":"mayo-de-2023","status":"publish","type":"page","link":"https:\/\/syndesis.com\/es\/novedades\/mayo-de-2023\/","title":{"rendered":"Mayo de 2023"},"content":{"rendered":"\t\t<div data-elementor-type=\"wp-page\" data-elementor-id=\"1165\" class=\"elementor elementor-1165 elementor-339\" data-elementor-post-type=\"page\">\n\t\t\t\t\t\t<section class=\"elementor-section elementor-top-section elementor-element elementor-element-296d3e9e elementor-section-boxed elementor-section-height-default elementor-section-height-default\" data-id=\"296d3e9e\" data-element_type=\"section\" data-e-type=\"section\">\n\t\t\t\t\t\t<div class=\"elementor-container elementor-column-gap-default\">\n\t\t\t\t\t<div class=\"elementor-column elementor-col-100 elementor-top-column elementor-element elementor-element-18485ab2\" data-id=\"18485ab2\" data-element_type=\"column\" data-e-type=\"column\">\n\t\t\t<div class=\"elementor-widget-wrap elementor-element-populated\">\n\t\t\t\t\t\t<div class=\"elementor-element elementor-element-1b866a02 elementor-widget elementor-widget-heading\" data-id=\"1b866a02\" data-element_type=\"widget\" data-e-type=\"widget\" data-widget_type=\"heading.default\">\n\t\t\t\t<div class=\"elementor-widget-container\">\n\t\t\t\t\t<h2 class=\"elementor-heading-title elementor-size-default\">Novedades - Mayo 2023<\/h2>\t\t\t\t<\/div>\n\t\t\t\t<\/div>\n\t\t\t\t<div class=\"elementor-element elementor-element-16355294 elementor-widget elementor-widget-spacer\" data-id=\"16355294\" data-element_type=\"widget\" data-e-type=\"widget\" data-widget_type=\"spacer.default\">\n\t\t\t\t<div class=\"elementor-widget-container\">\n\t\t\t\t\t\t\t<div class=\"elementor-spacer\">\n\t\t\t<div class=\"elementor-spacer-inner\"><\/div>\n\t\t<\/div>\n\t\t\t\t\t\t<\/div>\n\t\t\t\t<\/div>\n\t\t\t\t\t<\/div>\n\t\t<\/div>\n\t\t\t\t\t<\/div>\n\t\t<\/section>\n\t\t\t\t<section class=\"elementor-section elementor-top-section elementor-element elementor-element-f3e1c55 elementor-section-boxed elementor-section-height-default elementor-section-height-default\" data-id=\"f3e1c55\" data-element_type=\"section\" data-e-type=\"section\">\n\t\t\t\t\t\t<div class=\"elementor-container elementor-column-gap-default\">\n\t\t\t\t\t<div class=\"elementor-column elementor-col-33 elementor-top-column elementor-element elementor-element-b317067\" data-id=\"b317067\" data-element_type=\"column\" data-e-type=\"column\">\n\t\t\t<div class=\"elementor-widget-wrap elementor-element-populated\">\n\t\t\t\t\t\t<section class=\"elementor-section elementor-inner-section elementor-element elementor-element-60ca7ab elementor-section-height-min-height elementor-section-boxed elementor-section-height-default\" data-id=\"60ca7ab\" data-element_type=\"section\" data-e-type=\"section\" data-settings=\"{&quot;background_background&quot;:&quot;classic&quot;}\">\n\t\t\t\t\t\t<div class=\"elementor-container elementor-column-gap-default\">\n\t\t\t\t\t<div class=\"elementor-column elementor-col-50 elementor-inner-column elementor-element elementor-element-fb796a5\" data-id=\"fb796a5\" data-element_type=\"column\" data-e-type=\"column\">\n\t\t\t<div class=\"elementor-widget-wrap\">\n\t\t\t\t\t\t\t<\/div>\n\t\t<\/div>\n\t\t\t\t<div class=\"elementor-column elementor-col-50 elementor-inner-column elementor-element elementor-element-c593cab\" data-id=\"c593cab\" data-element_type=\"column\" data-e-type=\"column\">\n\t\t\t<div class=\"elementor-widget-wrap\">\n\t\t\t\t\t\t\t<\/div>\n\t\t<\/div>\n\t\t\t\t\t<\/div>\n\t\t<\/section>\n\t\t\t\t<section class=\"elementor-section elementor-inner-section elementor-element elementor-element-0f15046 elementor-section-boxed elementor-section-height-default elementor-section-height-default\" data-id=\"0f15046\" data-element_type=\"section\" data-e-type=\"section\">\n\t\t\t\t\t\t<div class=\"elementor-container elementor-column-gap-default\">\n\t\t\t\t\t<div class=\"elementor-column elementor-col-100 elementor-inner-column elementor-element elementor-element-9b7800a\" data-id=\"9b7800a\" data-element_type=\"column\" data-e-type=\"column\">\n\t\t\t<div class=\"elementor-widget-wrap elementor-element-populated\">\n\t\t\t\t\t\t<div class=\"elementor-element elementor-element-82092a2 postt elementor-widget elementor-widget-heading\" data-id=\"82092a2\" data-element_type=\"widget\" data-e-type=\"widget\" data-widget_type=\"heading.default\">\n\t\t\t\t<div class=\"elementor-widget-container\">\n\t\t\t\t\t<h2 class=\"elementor-heading-title elementor-size-default\"><a href=\"https:\/\/syndesis.com\/es\/syndesis-health-lacardio-sign-research-collaboration-agreement\/\">Syndesis Health y LaCardio firman un acuerdo de colaboraci\u00f3n en materia de investigaci\u00f3n<\/a><\/h2>\t\t\t\t<\/div>\n\t\t\t\t<\/div>\n\t\t\t\t<div class=\"elementor-element elementor-element-b484095 elementor-widget-divider--view-line elementor-widget elementor-widget-divider\" data-id=\"b484095\" data-element_type=\"widget\" data-e-type=\"widget\" data-widget_type=\"divider.default\">\n\t\t\t\t<div class=\"elementor-widget-container\">\n\t\t\t\t\t\t\t<div class=\"elementor-divider\">\n\t\t\t<span class=\"elementor-divider-separator\">\n\t\t\t\t\t\t<\/span>\n\t\t<\/div>\n\t\t\t\t\t\t<\/div>\n\t\t\t\t<\/div>\n\t\t\t\t\t<\/div>\n\t\t<\/div>\n\t\t\t\t\t<\/div>\n\t\t<\/section>\n\t\t\t\t<section class=\"elementor-section elementor-inner-section elementor-element elementor-element-e6b1b5a elementor-section-boxed elementor-section-height-default elementor-section-height-default\" data-id=\"e6b1b5a\" data-element_type=\"section\" data-e-type=\"section\">\n\t\t\t\t\t\t<div class=\"elementor-container elementor-column-gap-default\">\n\t\t\t\t\t<div class=\"elementor-column elementor-col-50 elementor-inner-column elementor-element elementor-element-82e477a\" data-id=\"82e477a\" data-element_type=\"column\" data-e-type=\"column\">\n\t\t\t<div class=\"elementor-widget-wrap elementor-element-populated\">\n\t\t\t\t\t\t<div class=\"elementor-element elementor-element-8a2293d elementor-widget elementor-widget-button\" data-id=\"8a2293d\" data-element_type=\"widget\" data-e-type=\"widget\" data-widget_type=\"button.default\">\n\t\t\t\t<div class=\"elementor-widget-container\">\n\t\t\t\t\t\t\t\t\t<div class=\"elementor-button-wrapper\">\n\t\t\t\t\t<a class=\"elementor-button elementor-button-link elementor-size-sm\" href=\"https:\/\/syndesis.com\/es\/resources\/news\/\">\n\t\t\t\t\t\t<span class=\"elementor-button-content-wrapper\">\n\t\t\t\t\t\t\t\t\t<span class=\"elementor-button-text\">Noticias<\/span>\n\t\t\t\t\t<\/span>\n\t\t\t\t\t<\/a>\n\t\t\t\t<\/div>\n\t\t\t\t\t\t\t\t<\/div>\n\t\t\t\t<\/div>\n\t\t\t\t\t<\/div>\n\t\t<\/div>\n\t\t\t\t<div class=\"elementor-column elementor-col-50 elementor-inner-column elementor-element elementor-element-6af47cc\" data-id=\"6af47cc\" data-element_type=\"column\" data-e-type=\"column\">\n\t\t\t<div class=\"elementor-widget-wrap elementor-element-populated\">\n\t\t\t\t\t\t<div class=\"elementor-element elementor-element-20d4358 elementor-widget elementor-widget-text-editor\" data-id=\"20d4358\" data-element_type=\"widget\" data-e-type=\"widget\" data-widget_type=\"text-editor.default\">\n\t\t\t\t<div class=\"elementor-widget-container\">\n\t\t\t\t\t\t\t\t\t<p>11 de mayo de 2023<\/p>\n\t\t\t\t\t\t\t\t<\/div>\n\t\t\t\t<\/div>\n\t\t\t\t\t<\/div>\n\t\t<\/div>\n\t\t\t\t\t<\/div>\n\t\t<\/section>\n\t\t\t\t\t<\/div>\n\t\t<\/div>\n\t\t\t\t<div class=\"elementor-column elementor-col-33 elementor-top-column elementor-element elementor-element-b8ae0be\" data-id=\"b8ae0be\" data-element_type=\"column\" data-e-type=\"column\">\n\t\t\t<div class=\"elementor-widget-wrap elementor-element-populated\">\n\t\t\t\t\t\t<section class=\"elementor-section elementor-inner-section elementor-element elementor-element-744ba3d elementor-section-height-min-height elementor-section-boxed elementor-section-height-default\" data-id=\"744ba3d\" data-element_type=\"section\" data-e-type=\"section\" data-settings=\"{&quot;background_background&quot;:&quot;classic&quot;}\">\n\t\t\t\t\t\t<div class=\"elementor-container elementor-column-gap-default\">\n\t\t\t\t\t<div class=\"elementor-column elementor-col-50 elementor-inner-column elementor-element elementor-element-82f8989\" data-id=\"82f8989\" data-element_type=\"column\" data-e-type=\"column\">\n\t\t\t<div class=\"elementor-widget-wrap\">\n\t\t\t\t\t\t\t<\/div>\n\t\t<\/div>\n\t\t\t\t<div class=\"elementor-column elementor-col-50 elementor-inner-column elementor-element elementor-element-7959db1\" data-id=\"7959db1\" data-element_type=\"column\" data-e-type=\"column\">\n\t\t\t<div class=\"elementor-widget-wrap\">\n\t\t\t\t\t\t\t<\/div>\n\t\t<\/div>\n\t\t\t\t\t<\/div>\n\t\t<\/section>\n\t\t\t\t<section class=\"elementor-section elementor-inner-section elementor-element elementor-element-3e075b8 elementor-section-boxed elementor-section-height-default elementor-section-height-default\" data-id=\"3e075b8\" data-element_type=\"section\" data-e-type=\"section\">\n\t\t\t\t\t\t<div class=\"elementor-container elementor-column-gap-default\">\n\t\t\t\t\t<div class=\"elementor-column elementor-col-100 elementor-inner-column elementor-element elementor-element-9e84bbb\" data-id=\"9e84bbb\" data-element_type=\"column\" data-e-type=\"column\">\n\t\t\t<div class=\"elementor-widget-wrap elementor-element-populated\">\n\t\t\t\t\t\t<div class=\"elementor-element elementor-element-440c8dc postt elementor-widget elementor-widget-heading\" data-id=\"440c8dc\" data-element_type=\"widget\" data-e-type=\"widget\" data-widget_type=\"heading.default\">\n\t\t\t\t<div class=\"elementor-widget-container\">\n\t\t\t\t\t<h2 class=\"elementor-heading-title elementor-size-default\"><a href=\"https:\/\/syndesis.com\/es\/comsats-and-syndesis-health-join-hands-for-genomic-sequencing-programs\/\">COMSATS y Syndesis Health se al\u00edan para programas de secuenciaci\u00f3n gen\u00f3mica<\/a><\/h2>\t\t\t\t<\/div>\n\t\t\t\t<\/div>\n\t\t\t\t<div class=\"elementor-element elementor-element-e975246 elementor-widget-divider--view-line elementor-widget elementor-widget-divider\" data-id=\"e975246\" data-element_type=\"widget\" data-e-type=\"widget\" data-widget_type=\"divider.default\">\n\t\t\t\t<div class=\"elementor-widget-container\">\n\t\t\t\t\t\t\t<div class=\"elementor-divider\">\n\t\t\t<span class=\"elementor-divider-separator\">\n\t\t\t\t\t\t<\/span>\n\t\t<\/div>\n\t\t\t\t\t\t<\/div>\n\t\t\t\t<\/div>\n\t\t\t\t\t<\/div>\n\t\t<\/div>\n\t\t\t\t\t<\/div>\n\t\t<\/section>\n\t\t\t\t<section class=\"elementor-section elementor-inner-section elementor-element elementor-element-181e936 elementor-section-boxed elementor-section-height-default elementor-section-height-default\" data-id=\"181e936\" data-element_type=\"section\" data-e-type=\"section\">\n\t\t\t\t\t\t<div class=\"elementor-container elementor-column-gap-default\">\n\t\t\t\t\t<div class=\"elementor-column elementor-col-50 elementor-inner-column elementor-element elementor-element-475de16\" data-id=\"475de16\" data-element_type=\"column\" data-e-type=\"column\">\n\t\t\t<div class=\"elementor-widget-wrap elementor-element-populated\">\n\t\t\t\t\t\t<div class=\"elementor-element elementor-element-01948eb elementor-widget elementor-widget-button\" data-id=\"01948eb\" data-element_type=\"widget\" data-e-type=\"widget\" data-widget_type=\"button.default\">\n\t\t\t\t<div class=\"elementor-widget-container\">\n\t\t\t\t\t\t\t\t\t<div class=\"elementor-button-wrapper\">\n\t\t\t\t\t<a class=\"elementor-button elementor-button-link elementor-size-sm\" href=\"https:\/\/syndesis.com\/es\/resources\/news\/\">\n\t\t\t\t\t\t<span class=\"elementor-button-content-wrapper\">\n\t\t\t\t\t\t\t\t\t<span class=\"elementor-button-text\">Noticias<\/span>\n\t\t\t\t\t<\/span>\n\t\t\t\t\t<\/a>\n\t\t\t\t<\/div>\n\t\t\t\t\t\t\t\t<\/div>\n\t\t\t\t<\/div>\n\t\t\t\t\t<\/div>\n\t\t<\/div>\n\t\t\t\t<div class=\"elementor-column elementor-col-50 elementor-inner-column elementor-element elementor-element-bb65cdf\" data-id=\"bb65cdf\" data-element_type=\"column\" data-e-type=\"column\">\n\t\t\t<div class=\"elementor-widget-wrap elementor-element-populated\">\n\t\t\t\t\t\t<div class=\"elementor-element elementor-element-5b99b1c elementor-widget elementor-widget-text-editor\" data-id=\"5b99b1c\" data-element_type=\"widget\" data-e-type=\"widget\" data-widget_type=\"text-editor.default\">\n\t\t\t\t<div class=\"elementor-widget-container\">\n\t\t\t\t\t\t\t\t\t<p>5 de mayo de 2023<\/p>\n\t\t\t\t\t\t\t\t<\/div>\n\t\t\t\t<\/div>\n\t\t\t\t\t<\/div>\n\t\t<\/div>\n\t\t\t\t\t<\/div>\n\t\t<\/section>\n\t\t\t\t\t<\/div>\n\t\t<\/div>\n\t\t\t\t<div class=\"elementor-column elementor-col-33 elementor-top-column elementor-element elementor-element-a673096\" data-id=\"a673096\" data-element_type=\"column\" data-e-type=\"column\">\n\t\t\t<div class=\"elementor-widget-wrap\">\n\t\t\t\t\t\t\t<\/div>\n\t\t<\/div>\n\t\t\t\t\t<\/div>\n\t\t<\/section>\n\t\t\t\t<\/div>\n\t\t","protected":false},"excerpt":{"rendered":"<p>Novedades &#8211; Mayo 2023 Syndesis Health y LaCardio firman un acuerdo de colaboraci\u00f3n en materia de investigaci\u00f3n Noticias 11 de mayo de 2023 COMSATS y Syndesis Health se al\u00edan para programas de secuenciaci\u00f3n gen\u00f3mica Noticias 5 de mayo de 2023<\/p>\n","protected":false},"author":6,"featured_media":0,"parent":762,"menu_order":0,"comment_status":"closed","ping_status":"closed","template":"elementor_header_footer","meta":{"content-type":"","footnotes":""},"class_list":["post-1165","page","type-page","status-publish","hentry"],"yoast_head":"<!-- This site is optimized with the Yoast SEO plugin v27.4 - https:\/\/yoast.com\/product\/yoast-seo-wordpress\/ -->\n<title>Mayo de 2023 - Syndesis Health<\/title>\n<meta name=\"robots\" content=\"index, follow, max-snippet:-1, max-image-preview:large, max-video-preview:-1\" \/>\n<link rel=\"canonical\" href=\"https:\/\/syndesis.com\/es\/novedades\/mayo-de-2023\/\" \/>\n<meta property=\"og:locale\" content=\"es_ES\" \/>\n<meta property=\"og:type\" content=\"article\" \/>\n<meta property=\"og:title\" content=\"Mayo de 2023 - Syndesis Health\" \/>\n<meta property=\"og:description\" content=\"Novedades &#8211; Mayo 2023 Syndesis Health y LaCardio firman un acuerdo de colaboraci\u00f3n en materia de investigaci\u00f3n Noticias 11 de mayo de 2023 COMSATS y Syndesis Health se al\u00edan para programas de secuenciaci\u00f3n gen\u00f3mica Noticias 5 de mayo de 2023\" \/>\n<meta property=\"og:url\" content=\"https:\/\/syndesis.com\/es\/novedades\/mayo-de-2023\/\" \/>\n<meta property=\"og:site_name\" content=\"Syndesis Health\" \/>\n<meta property=\"article:modified_time\" content=\"2023-08-07T13:21:42+00:00\" \/>\n<meta name=\"twitter:card\" content=\"summary_large_image\" \/>\n<meta name=\"twitter:site\" content=\"@syndesis_health\" \/>\n<script type=\"application\/ld+json\" class=\"yoast-schema-graph\">{\"@context\":\"https:\\\/\\\/schema.org\",\"@graph\":[{\"@type\":\"WebPage\",\"@id\":\"https:\\\/\\\/syndesis.com\\\/es\\\/novedades\\\/mayo-de-2023\\\/\",\"url\":\"https:\\\/\\\/syndesis.com\\\/es\\\/novedades\\\/mayo-de-2023\\\/\",\"name\":\"Mayo de 2023 - Syndesis Health\",\"isPartOf\":{\"@id\":\"https:\\\/\\\/syndesis.com\\\/es\\\/#website\"},\"datePublished\":\"2023-07-03T12:54:17+00:00\",\"dateModified\":\"2023-08-07T13:21:42+00:00\",\"breadcrumb\":{\"@id\":\"https:\\\/\\\/syndesis.com\\\/es\\\/novedades\\\/mayo-de-2023\\\/#breadcrumb\"},\"inLanguage\":\"es\",\"potentialAction\":[{\"@type\":\"ReadAction\",\"target\":[\"https:\\\/\\\/syndesis.com\\\/es\\\/novedades\\\/mayo-de-2023\\\/\"]}]},{\"@type\":\"BreadcrumbList\",\"@id\":\"https:\\\/\\\/syndesis.com\\\/es\\\/novedades\\\/mayo-de-2023\\\/#breadcrumb\",\"itemListElement\":[{\"@type\":\"ListItem\",\"position\":1,\"name\":\"Home\",\"item\":\"https:\\\/\\\/syndesis.com\\\/es\\\/\"},{\"@type\":\"ListItem\",\"position\":2,\"name\":\"Novedades\",\"item\":\"https:\\\/\\\/syndesis.com\\\/es\\\/novedades\\\/\"},{\"@type\":\"ListItem\",\"position\":3,\"name\":\"Mayo de 2023\"}]},{\"@type\":\"WebSite\",\"@id\":\"https:\\\/\\\/syndesis.com\\\/es\\\/#website\",\"url\":\"https:\\\/\\\/syndesis.com\\\/es\\\/\",\"name\":\"Syndesis Health\",\"description\":\"\",\"publisher\":{\"@id\":\"https:\\\/\\\/syndesis.com\\\/es\\\/#organization\"},\"potentialAction\":[{\"@type\":\"SearchAction\",\"target\":{\"@type\":\"EntryPoint\",\"urlTemplate\":\"https:\\\/\\\/syndesis.com\\\/es\\\/?s={search_term_string}\"},\"query-input\":{\"@type\":\"PropertyValueSpecification\",\"valueRequired\":true,\"valueName\":\"search_term_string\"}}],\"inLanguage\":\"es\"},{\"@type\":\"Organization\",\"@id\":\"https:\\\/\\\/syndesis.com\\\/es\\\/#organization\",\"name\":\"Syndesis Health\",\"url\":\"https:\\\/\\\/syndesis.com\\\/es\\\/\",\"logo\":{\"@type\":\"ImageObject\",\"inLanguage\":\"es\",\"@id\":\"https:\\\/\\\/syndesis.com\\\/es\\\/#\\\/schema\\\/logo\\\/image\\\/\",\"url\":\"https:\\\/\\\/syndesis.com\\\/wp-content\\\/uploads\\\/2023\\\/04\\\/Website-logo_4.25.png\",\"contentUrl\":\"https:\\\/\\\/syndesis.com\\\/wp-content\\\/uploads\\\/2023\\\/04\\\/Website-logo_4.25.png\",\"width\":673,\"height\":140,\"caption\":\"Syndesis Health\"},\"image\":{\"@id\":\"https:\\\/\\\/syndesis.com\\\/es\\\/#\\\/schema\\\/logo\\\/image\\\/\"},\"sameAs\":[\"https:\\\/\\\/x.com\\\/syndesis_health\",\"https:\\\/\\\/www.linkedin.com\\\/company\\\/syndesis-health\"]}]}<\/script>\n<!-- \/ Yoast SEO plugin. -->","yoast_head_json":{"title":"Mayo de 2023 - Syndesis Health","robots":{"index":"index","follow":"follow","max-snippet":"max-snippet:-1","max-image-preview":"max-image-preview:large","max-video-preview":"max-video-preview:-1"},"canonical":"https:\/\/syndesis.com\/es\/novedades\/mayo-de-2023\/","og_locale":"es_ES","og_type":"article","og_title":"Mayo de 2023 - Syndesis Health","og_description":"Novedades &#8211; Mayo 2023 Syndesis Health y LaCardio firman un acuerdo de colaboraci\u00f3n en materia de investigaci\u00f3n Noticias 11 de mayo de 2023 COMSATS y Syndesis Health se al\u00edan para programas de secuenciaci\u00f3n gen\u00f3mica Noticias 5 de mayo de 2023","og_url":"https:\/\/syndesis.com\/es\/novedades\/mayo-de-2023\/","og_site_name":"Syndesis Health","article_modified_time":"2023-08-07T13:21:42+00:00","twitter_card":"summary_large_image","twitter_site":"@syndesis_health","schema":{"@context":"https:\/\/schema.org","@graph":[{"@type":"WebPage","@id":"https:\/\/syndesis.com\/es\/novedades\/mayo-de-2023\/","url":"https:\/\/syndesis.com\/es\/novedades\/mayo-de-2023\/","name":"Mayo de 2023 - Syndesis Health","isPartOf":{"@id":"https:\/\/syndesis.com\/es\/#website"},"datePublished":"2023-07-03T12:54:17+00:00","dateModified":"2023-08-07T13:21:42+00:00","breadcrumb":{"@id":"https:\/\/syndesis.com\/es\/novedades\/mayo-de-2023\/#breadcrumb"},"inLanguage":"es","potentialAction":[{"@type":"ReadAction","target":["https:\/\/syndesis.com\/es\/novedades\/mayo-de-2023\/"]}]},{"@type":"BreadcrumbList","@id":"https:\/\/syndesis.com\/es\/novedades\/mayo-de-2023\/#breadcrumb","itemListElement":[{"@type":"ListItem","position":1,"name":"Home","item":"https:\/\/syndesis.com\/es\/"},{"@type":"ListItem","position":2,"name":"Novedades","item":"https:\/\/syndesis.com\/es\/novedades\/"},{"@type":"ListItem","position":3,"name":"Mayo de 2023"}]},{"@type":"WebSite","@id":"https:\/\/syndesis.com\/es\/#website","url":"https:\/\/syndesis.com\/es\/","name":"Syndesis Health","description":"","publisher":{"@id":"https:\/\/syndesis.com\/es\/#organization"},"potentialAction":[{"@type":"SearchAction","target":{"@type":"EntryPoint","urlTemplate":"https:\/\/syndesis.com\/es\/?s={search_term_string}"},"query-input":{"@type":"PropertyValueSpecification","valueRequired":true,"valueName":"search_term_string"}}],"inLanguage":"es"},{"@type":"Organization","@id":"https:\/\/syndesis.com\/es\/#organization","name":"Syndesis Health","url":"https:\/\/syndesis.com\/es\/","logo":{"@type":"ImageObject","inLanguage":"es","@id":"https:\/\/syndesis.com\/es\/#\/schema\/logo\/image\/","url":"https:\/\/syndesis.com\/wp-content\/uploads\/2023\/04\/Website-logo_4.25.png","contentUrl":"https:\/\/syndesis.com\/wp-content\/uploads\/2023\/04\/Website-logo_4.25.png","width":673,"height":140,"caption":"Syndesis Health"},"image":{"@id":"https:\/\/syndesis.com\/es\/#\/schema\/logo\/image\/"},"sameAs":["https:\/\/x.com\/syndesis_health","https:\/\/www.linkedin.com\/company\/syndesis-health"]}]}},"_links":{"self":[{"href":"https:\/\/syndesis.com\/es\/wp-json\/wp\/v2\/pages\/1165","targetHints":{"allow":["GET"]}}],"collection":[{"href":"https:\/\/syndesis.com\/es\/wp-json\/wp\/v2\/pages"}],"about":[{"href":"https:\/\/syndesis.com\/es\/wp-json\/wp\/v2\/types\/page"}],"author":[{"embeddable":true,"href":"https:\/\/syndesis.com\/es\/wp-json\/wp\/v2\/users\/6"}],"replies":[{"embeddable":true,"href":"https:\/\/syndesis.com\/es\/wp-json\/wp\/v2\/comments?post=1165"}],"version-history":[{"count":0,"href":"https:\/\/syndesis.com\/es\/wp-json\/wp\/v2\/pages\/1165\/revisions"}],"up":[{"embeddable":true,"href":"https:\/\/syndesis.com\/es\/wp-json\/wp\/v2\/pages\/762"}],"wp:attachment":[{"href":"https:\/\/syndesis.com\/es\/wp-json\/wp\/v2\/media?parent=1165"}],"curies":[{"name":"wp","href":"https:\/\/api.w.org\/{rel}","templated":true}]}}