{"id":1169,"date":"2023-07-03T12:53:58","date_gmt":"2023-07-03T12:53:58","guid":{"rendered":"https:\/\/syndesisdev.wpengine.com\/resources\/junio-de-2023\/"},"modified":"2023-08-18T19:53:50","modified_gmt":"2023-08-18T19:53:50","slug":"junio-de-2023","status":"publish","type":"page","link":"https:\/\/syndesis.com\/es\/novedades\/junio-de-2023\/","title":{"rendered":"Junio de 2023"},"content":{"rendered":"\t\t<div data-elementor-type=\"wp-page\" data-elementor-id=\"1169\" class=\"elementor elementor-1169 elementor-338\" data-elementor-post-type=\"page\">\n\t\t\t\t\t\t<section class=\"elementor-section elementor-top-section elementor-element elementor-element-296d3e9e elementor-section-boxed elementor-section-height-default elementor-section-height-default\" data-id=\"296d3e9e\" data-element_type=\"section\" data-e-type=\"section\">\n\t\t\t\t\t\t<div class=\"elementor-container elementor-column-gap-default\">\n\t\t\t\t\t<div class=\"elementor-column elementor-col-100 elementor-top-column elementor-element elementor-element-18485ab2\" data-id=\"18485ab2\" data-element_type=\"column\" data-e-type=\"column\">\n\t\t\t<div class=\"elementor-widget-wrap elementor-element-populated\">\n\t\t\t\t\t\t<div class=\"elementor-element elementor-element-1b866a02 elementor-widget elementor-widget-heading\" data-id=\"1b866a02\" data-element_type=\"widget\" data-e-type=\"widget\" data-widget_type=\"heading.default\">\n\t\t\t\t<div class=\"elementor-widget-container\">\n\t\t\t\t\t<h2 class=\"elementor-heading-title elementor-size-default\">Novedades - Junio 2023<\/h2>\t\t\t\t<\/div>\n\t\t\t\t<\/div>\n\t\t\t\t<div class=\"elementor-element elementor-element-16355294 elementor-widget elementor-widget-spacer\" data-id=\"16355294\" data-element_type=\"widget\" data-e-type=\"widget\" data-widget_type=\"spacer.default\">\n\t\t\t\t<div class=\"elementor-widget-container\">\n\t\t\t\t\t\t\t<div class=\"elementor-spacer\">\n\t\t\t<div class=\"elementor-spacer-inner\"><\/div>\n\t\t<\/div>\n\t\t\t\t\t\t<\/div>\n\t\t\t\t<\/div>\n\t\t\t\t\t<\/div>\n\t\t<\/div>\n\t\t\t\t\t<\/div>\n\t\t<\/section>\n\t\t\t\t<section class=\"elementor-section elementor-top-section elementor-element elementor-element-111e7f8 elementor-section-boxed elementor-section-height-default elementor-section-height-default\" data-id=\"111e7f8\" data-element_type=\"section\" data-e-type=\"section\">\n\t\t\t\t\t\t<div class=\"elementor-container elementor-column-gap-default\">\n\t\t\t\t\t<div class=\"elementor-column elementor-col-33 elementor-top-column elementor-element elementor-element-8198c2f\" data-id=\"8198c2f\" data-element_type=\"column\" data-e-type=\"column\">\n\t\t\t<div class=\"elementor-widget-wrap elementor-element-populated\">\n\t\t\t\t\t\t<section class=\"elementor-section elementor-inner-section elementor-element elementor-element-13b3c30 elementor-section-height-min-height elementor-section-boxed elementor-section-height-default\" data-id=\"13b3c30\" data-element_type=\"section\" data-e-type=\"section\" data-settings=\"{&quot;background_background&quot;:&quot;classic&quot;}\">\n\t\t\t\t\t\t<div class=\"elementor-container elementor-column-gap-default\">\n\t\t\t\t\t<div class=\"elementor-column elementor-col-50 elementor-inner-column elementor-element elementor-element-e652f4e\" data-id=\"e652f4e\" data-element_type=\"column\" data-e-type=\"column\">\n\t\t\t<div class=\"elementor-widget-wrap\">\n\t\t\t\t\t\t\t<\/div>\n\t\t<\/div>\n\t\t\t\t<div class=\"elementor-column elementor-col-50 elementor-inner-column elementor-element elementor-element-d660104\" data-id=\"d660104\" data-element_type=\"column\" data-e-type=\"column\">\n\t\t\t<div class=\"elementor-widget-wrap\">\n\t\t\t\t\t\t\t<\/div>\n\t\t<\/div>\n\t\t\t\t\t<\/div>\n\t\t<\/section>\n\t\t\t\t<section class=\"elementor-section elementor-inner-section elementor-element elementor-element-a7adff2 elementor-section-boxed elementor-section-height-default elementor-section-height-default\" data-id=\"a7adff2\" data-element_type=\"section\" data-e-type=\"section\">\n\t\t\t\t\t\t<div class=\"elementor-container elementor-column-gap-default\">\n\t\t\t\t\t<div class=\"elementor-column elementor-col-100 elementor-inner-column elementor-element elementor-element-d1621f4\" data-id=\"d1621f4\" data-element_type=\"column\" data-e-type=\"column\">\n\t\t\t<div class=\"elementor-widget-wrap elementor-element-populated\">\n\t\t\t\t\t\t<div class=\"elementor-element elementor-element-03849ce postt elementor-widget elementor-widget-heading\" data-id=\"03849ce\" data-element_type=\"widget\" data-e-type=\"widget\" data-widget_type=\"heading.default\">\n\t\t\t\t<div class=\"elementor-widget-container\">\n\t\t\t\t\t<h2 class=\"elementor-heading-title elementor-size-default\"><a href=\"https:\/\/syndesis.com\/es\/precision-medicines-next-era-combines-clinical-data-with-pangenome-sequencing\/\">La pr\u00f3xima era de la medicina de precisi\u00f3n combina datos cl\u00ednicos con secuenciaci\u00f3n del pangenoma<\/a><\/h2>\t\t\t\t<\/div>\n\t\t\t\t<\/div>\n\t\t\t\t<div class=\"elementor-element elementor-element-e35b406 elementor-widget-divider--view-line elementor-widget elementor-widget-divider\" data-id=\"e35b406\" data-element_type=\"widget\" data-e-type=\"widget\" data-widget_type=\"divider.default\">\n\t\t\t\t<div class=\"elementor-widget-container\">\n\t\t\t\t\t\t\t<div class=\"elementor-divider\">\n\t\t\t<span class=\"elementor-divider-separator\">\n\t\t\t\t\t\t<\/span>\n\t\t<\/div>\n\t\t\t\t\t\t<\/div>\n\t\t\t\t<\/div>\n\t\t\t\t\t<\/div>\n\t\t<\/div>\n\t\t\t\t\t<\/div>\n\t\t<\/section>\n\t\t\t\t<section class=\"elementor-section elementor-inner-section elementor-element elementor-element-e2001e0 elementor-section-boxed elementor-section-height-default elementor-section-height-default\" data-id=\"e2001e0\" data-element_type=\"section\" data-e-type=\"section\">\n\t\t\t\t\t\t<div class=\"elementor-container elementor-column-gap-default\">\n\t\t\t\t\t<div class=\"elementor-column elementor-col-50 elementor-inner-column elementor-element elementor-element-d5a6f9a\" data-id=\"d5a6f9a\" data-element_type=\"column\" data-e-type=\"column\">\n\t\t\t<div class=\"elementor-widget-wrap elementor-element-populated\">\n\t\t\t\t\t\t<div class=\"elementor-element elementor-element-02c7a46 elementor-widget elementor-widget-button\" data-id=\"02c7a46\" data-element_type=\"widget\" data-e-type=\"widget\" data-widget_type=\"button.default\">\n\t\t\t\t<div class=\"elementor-widget-container\">\n\t\t\t\t\t\t\t\t\t<div class=\"elementor-button-wrapper\">\n\t\t\t\t\t<a class=\"elementor-button elementor-button-link elementor-size-sm\" href=\"https:\/\/syndesis.com\/es\/resources\/news\/\">\n\t\t\t\t\t\t<span class=\"elementor-button-content-wrapper\">\n\t\t\t\t\t\t\t\t\t<span class=\"elementor-button-text\">Blog<\/span>\n\t\t\t\t\t<\/span>\n\t\t\t\t\t<\/a>\n\t\t\t\t<\/div>\n\t\t\t\t\t\t\t\t<\/div>\n\t\t\t\t<\/div>\n\t\t\t\t\t<\/div>\n\t\t<\/div>\n\t\t\t\t<div class=\"elementor-column elementor-col-50 elementor-inner-column elementor-element elementor-element-7761e14\" data-id=\"7761e14\" data-element_type=\"column\" data-e-type=\"column\">\n\t\t\t<div class=\"elementor-widget-wrap elementor-element-populated\">\n\t\t\t\t\t\t<div class=\"elementor-element elementor-element-9ee775d elementor-widget elementor-widget-text-editor\" data-id=\"9ee775d\" data-element_type=\"widget\" data-e-type=\"widget\" data-widget_type=\"text-editor.default\">\n\t\t\t\t<div class=\"elementor-widget-container\">\n\t\t\t\t\t\t\t\t\t<p>28 Junio 2023<\/p>\t\t\t\t\t\t\t\t<\/div>\n\t\t\t\t<\/div>\n\t\t\t\t\t<\/div>\n\t\t<\/div>\n\t\t\t\t\t<\/div>\n\t\t<\/section>\n\t\t\t\t\t<\/div>\n\t\t<\/div>\n\t\t\t\t<div class=\"elementor-column elementor-col-33 elementor-top-column elementor-element elementor-element-a0c0a97\" data-id=\"a0c0a97\" data-element_type=\"column\" data-e-type=\"column\">\n\t\t\t<div class=\"elementor-widget-wrap elementor-element-populated\">\n\t\t\t\t\t\t<section class=\"elementor-section elementor-inner-section elementor-element elementor-element-7506a84 elementor-section-height-min-height elementor-section-boxed elementor-section-height-default\" data-id=\"7506a84\" data-element_type=\"section\" data-e-type=\"section\" data-settings=\"{&quot;background_background&quot;:&quot;classic&quot;}\">\n\t\t\t\t\t\t<div class=\"elementor-container elementor-column-gap-default\">\n\t\t\t\t\t<div class=\"elementor-column elementor-col-50 elementor-inner-column elementor-element elementor-element-99552a9\" data-id=\"99552a9\" data-element_type=\"column\" data-e-type=\"column\">\n\t\t\t<div class=\"elementor-widget-wrap\">\n\t\t\t\t\t\t\t<\/div>\n\t\t<\/div>\n\t\t\t\t<div class=\"elementor-column elementor-col-50 elementor-inner-column elementor-element elementor-element-29f0dea\" data-id=\"29f0dea\" data-element_type=\"column\" data-e-type=\"column\">\n\t\t\t<div class=\"elementor-widget-wrap\">\n\t\t\t\t\t\t\t<\/div>\n\t\t<\/div>\n\t\t\t\t\t<\/div>\n\t\t<\/section>\n\t\t\t\t<section class=\"elementor-section elementor-inner-section elementor-element elementor-element-abd3ace elementor-section-boxed elementor-section-height-default elementor-section-height-default\" data-id=\"abd3ace\" data-element_type=\"section\" data-e-type=\"section\">\n\t\t\t\t\t\t<div class=\"elementor-container elementor-column-gap-default\">\n\t\t\t\t\t<div class=\"elementor-column elementor-col-100 elementor-inner-column elementor-element elementor-element-07b6570\" data-id=\"07b6570\" data-element_type=\"column\" data-e-type=\"column\">\n\t\t\t<div class=\"elementor-widget-wrap elementor-element-populated\">\n\t\t\t\t\t\t<div class=\"elementor-element elementor-element-c9ff2ac postt elementor-widget elementor-widget-heading\" data-id=\"c9ff2ac\" data-element_type=\"widget\" data-e-type=\"widget\" data-widget_type=\"heading.default\">\n\t\t\t\t<div class=\"elementor-widget-container\">\n\t\t\t\t\t<h2 class=\"elementor-heading-title elementor-size-default\"><a href=\"https:\/\/syndesis.com\/es\/analyzing-healthcare-data\/\">Analizar los datos sanitarios para mejorar la salud de la poblaci\u00f3n<\/a><\/h2>\t\t\t\t<\/div>\n\t\t\t\t<\/div>\n\t\t\t\t<div class=\"elementor-element elementor-element-6498695 elementor-widget-divider--view-line elementor-widget elementor-widget-divider\" data-id=\"6498695\" data-element_type=\"widget\" data-e-type=\"widget\" data-widget_type=\"divider.default\">\n\t\t\t\t<div class=\"elementor-widget-container\">\n\t\t\t\t\t\t\t<div class=\"elementor-divider\">\n\t\t\t<span class=\"elementor-divider-separator\">\n\t\t\t\t\t\t<\/span>\n\t\t<\/div>\n\t\t\t\t\t\t<\/div>\n\t\t\t\t<\/div>\n\t\t\t\t\t<\/div>\n\t\t<\/div>\n\t\t\t\t\t<\/div>\n\t\t<\/section>\n\t\t\t\t<section class=\"elementor-section elementor-inner-section elementor-element elementor-element-6e94218 elementor-section-boxed elementor-section-height-default elementor-section-height-default\" data-id=\"6e94218\" data-element_type=\"section\" data-e-type=\"section\">\n\t\t\t\t\t\t<div class=\"elementor-container elementor-column-gap-default\">\n\t\t\t\t\t<div class=\"elementor-column elementor-col-50 elementor-inner-column elementor-element elementor-element-9534fd3\" data-id=\"9534fd3\" data-element_type=\"column\" data-e-type=\"column\">\n\t\t\t<div class=\"elementor-widget-wrap elementor-element-populated\">\n\t\t\t\t\t\t<div class=\"elementor-element elementor-element-3e65698 elementor-widget elementor-widget-button\" data-id=\"3e65698\" data-element_type=\"widget\" data-e-type=\"widget\" data-widget_type=\"button.default\">\n\t\t\t\t<div class=\"elementor-widget-container\">\n\t\t\t\t\t\t\t\t\t<div class=\"elementor-button-wrapper\">\n\t\t\t\t\t<a class=\"elementor-button elementor-button-link elementor-size-sm\" href=\"https:\/\/syndesis.com\/es\/resources\/news\/\">\n\t\t\t\t\t\t<span class=\"elementor-button-content-wrapper\">\n\t\t\t\t\t\t\t\t\t<span class=\"elementor-button-text\">Blog<\/span>\n\t\t\t\t\t<\/span>\n\t\t\t\t\t<\/a>\n\t\t\t\t<\/div>\n\t\t\t\t\t\t\t\t<\/div>\n\t\t\t\t<\/div>\n\t\t\t\t\t<\/div>\n\t\t<\/div>\n\t\t\t\t<div class=\"elementor-column elementor-col-50 elementor-inner-column elementor-element elementor-element-f19710b\" data-id=\"f19710b\" data-element_type=\"column\" data-e-type=\"column\">\n\t\t\t<div class=\"elementor-widget-wrap elementor-element-populated\">\n\t\t\t\t\t\t<div class=\"elementor-element elementor-element-648a1b5 elementor-widget elementor-widget-text-editor\" data-id=\"648a1b5\" data-element_type=\"widget\" data-e-type=\"widget\" data-widget_type=\"text-editor.default\">\n\t\t\t\t<div class=\"elementor-widget-container\">\n\t\t\t\t\t\t\t\t\t<p>15 Junio 2023<\/p>\t\t\t\t\t\t\t\t<\/div>\n\t\t\t\t<\/div>\n\t\t\t\t\t<\/div>\n\t\t<\/div>\n\t\t\t\t\t<\/div>\n\t\t<\/section>\n\t\t\t\t\t<\/div>\n\t\t<\/div>\n\t\t\t\t<div class=\"elementor-column elementor-col-33 elementor-top-column elementor-element elementor-element-b8682aa\" data-id=\"b8682aa\" data-element_type=\"column\" data-e-type=\"column\">\n\t\t\t<div class=\"elementor-widget-wrap elementor-element-populated\">\n\t\t\t\t\t\t<section class=\"elementor-section elementor-inner-section elementor-element elementor-element-e08d738 elementor-section-height-min-height elementor-section-boxed elementor-section-height-default\" data-id=\"e08d738\" data-element_type=\"section\" data-e-type=\"section\" data-settings=\"{&quot;background_background&quot;:&quot;classic&quot;}\">\n\t\t\t\t\t\t<div class=\"elementor-container elementor-column-gap-default\">\n\t\t\t\t\t<div class=\"elementor-column elementor-col-50 elementor-inner-column elementor-element elementor-element-be9c89c\" data-id=\"be9c89c\" data-element_type=\"column\" data-e-type=\"column\">\n\t\t\t<div class=\"elementor-widget-wrap\">\n\t\t\t\t\t\t\t<\/div>\n\t\t<\/div>\n\t\t\t\t<div class=\"elementor-column elementor-col-50 elementor-inner-column elementor-element elementor-element-bf370fc\" data-id=\"bf370fc\" data-element_type=\"column\" data-e-type=\"column\">\n\t\t\t<div class=\"elementor-widget-wrap\">\n\t\t\t\t\t\t\t<\/div>\n\t\t<\/div>\n\t\t\t\t\t<\/div>\n\t\t<\/section>\n\t\t\t\t<section class=\"elementor-section elementor-inner-section elementor-element elementor-element-149d3c2 elementor-section-boxed elementor-section-height-default elementor-section-height-default\" data-id=\"149d3c2\" data-element_type=\"section\" data-e-type=\"section\">\n\t\t\t\t\t\t<div class=\"elementor-container elementor-column-gap-default\">\n\t\t\t\t\t<div class=\"elementor-column elementor-col-100 elementor-inner-column elementor-element elementor-element-4ec6afc\" data-id=\"4ec6afc\" data-element_type=\"column\" data-e-type=\"column\">\n\t\t\t<div class=\"elementor-widget-wrap elementor-element-populated\">\n\t\t\t\t\t\t<div class=\"elementor-element elementor-element-84c72fb postt elementor-widget elementor-widget-heading\" data-id=\"84c72fb\" data-element_type=\"widget\" data-e-type=\"widget\" data-widget_type=\"heading.default\">\n\t\t\t\t<div class=\"elementor-widget-container\">\n\t\t\t\t\t<h2 class=\"elementor-heading-title elementor-size-default\"><a href=\"https:\/\/syndesis.com\/es\/the-importance-of-data-collection-in-public-health\/\">La importancia de la recogida de datos en la salud p\u00fablica<\/a><\/h2>\t\t\t\t<\/div>\n\t\t\t\t<\/div>\n\t\t\t\t<div class=\"elementor-element elementor-element-163e8db elementor-widget-divider--view-line elementor-widget elementor-widget-divider\" data-id=\"163e8db\" data-element_type=\"widget\" data-e-type=\"widget\" data-widget_type=\"divider.default\">\n\t\t\t\t<div class=\"elementor-widget-container\">\n\t\t\t\t\t\t\t<div class=\"elementor-divider\">\n\t\t\t<span class=\"elementor-divider-separator\">\n\t\t\t\t\t\t<\/span>\n\t\t<\/div>\n\t\t\t\t\t\t<\/div>\n\t\t\t\t<\/div>\n\t\t\t\t\t<\/div>\n\t\t<\/div>\n\t\t\t\t\t<\/div>\n\t\t<\/section>\n\t\t\t\t<section class=\"elementor-section elementor-inner-section elementor-element elementor-element-b6021c4 elementor-section-boxed elementor-section-height-default elementor-section-height-default\" data-id=\"b6021c4\" data-element_type=\"section\" data-e-type=\"section\">\n\t\t\t\t\t\t<div class=\"elementor-container elementor-column-gap-default\">\n\t\t\t\t\t<div class=\"elementor-column elementor-col-50 elementor-inner-column elementor-element elementor-element-2577ad0\" data-id=\"2577ad0\" data-element_type=\"column\" data-e-type=\"column\">\n\t\t\t<div class=\"elementor-widget-wrap elementor-element-populated\">\n\t\t\t\t\t\t<div class=\"elementor-element elementor-element-dd32aa9 elementor-widget elementor-widget-button\" data-id=\"dd32aa9\" data-element_type=\"widget\" data-e-type=\"widget\" data-widget_type=\"button.default\">\n\t\t\t\t<div class=\"elementor-widget-container\">\n\t\t\t\t\t\t\t\t\t<div class=\"elementor-button-wrapper\">\n\t\t\t\t\t<a class=\"elementor-button elementor-button-link elementor-size-sm\" href=\"https:\/\/syndesis.com\/es\/resources\/news\/\">\n\t\t\t\t\t\t<span class=\"elementor-button-content-wrapper\">\n\t\t\t\t\t\t\t\t\t<span class=\"elementor-button-text\">Blog<\/span>\n\t\t\t\t\t<\/span>\n\t\t\t\t\t<\/a>\n\t\t\t\t<\/div>\n\t\t\t\t\t\t\t\t<\/div>\n\t\t\t\t<\/div>\n\t\t\t\t\t<\/div>\n\t\t<\/div>\n\t\t\t\t<div class=\"elementor-column elementor-col-50 elementor-inner-column elementor-element elementor-element-bf03308\" data-id=\"bf03308\" data-element_type=\"column\" data-e-type=\"column\">\n\t\t\t<div class=\"elementor-widget-wrap elementor-element-populated\">\n\t\t\t\t\t\t<div class=\"elementor-element elementor-element-ea2a9d1 elementor-widget elementor-widget-text-editor\" data-id=\"ea2a9d1\" data-element_type=\"widget\" data-e-type=\"widget\" data-widget_type=\"text-editor.default\">\n\t\t\t\t<div class=\"elementor-widget-container\">\n\t\t\t\t\t\t\t\t\t<p>8 Junio 2023<\/p>\t\t\t\t\t\t\t\t<\/div>\n\t\t\t\t<\/div>\n\t\t\t\t\t<\/div>\n\t\t<\/div>\n\t\t\t\t\t<\/div>\n\t\t<\/section>\n\t\t\t\t\t<\/div>\n\t\t<\/div>\n\t\t\t\t\t<\/div>\n\t\t<\/section>\n\t\t\t\t<\/div>\n\t\t","protected":false},"excerpt":{"rendered":"<p>Novedades &#8211; Junio 2023 La pr\u00f3xima era de la medicina de precisi\u00f3n combina datos cl\u00ednicos con secuenciaci\u00f3n del pangenoma Blog 28 Junio 2023 Analizar los datos sanitarios para mejorar la salud de la poblaci\u00f3n Blog 15 Junio 2023 La importancia de la recogida de datos en la salud p\u00fablica Blog 8 Junio 2023<\/p>\n","protected":false},"author":6,"featured_media":0,"parent":762,"menu_order":0,"comment_status":"closed","ping_status":"closed","template":"elementor_header_footer","meta":{"content-type":"","footnotes":""},"class_list":["post-1169","page","type-page","status-publish","hentry"],"yoast_head":"<!-- This site is optimized with the Yoast SEO plugin v27.4 - https:\/\/yoast.com\/product\/yoast-seo-wordpress\/ -->\n<title>Junio de 2023 - Syndesis Health<\/title>\n<meta name=\"robots\" content=\"index, follow, max-snippet:-1, max-image-preview:large, max-video-preview:-1\" \/>\n<link rel=\"canonical\" href=\"https:\/\/syndesis.com\/es\/novedades\/junio-de-2023\/\" \/>\n<meta property=\"og:locale\" content=\"es_ES\" \/>\n<meta property=\"og:type\" content=\"article\" \/>\n<meta property=\"og:title\" content=\"Junio de 2023 - Syndesis Health\" \/>\n<meta property=\"og:description\" content=\"Novedades &#8211; Junio 2023 La pr\u00f3xima era de la medicina de precisi\u00f3n combina datos cl\u00ednicos con secuenciaci\u00f3n del pangenoma Blog 28 Junio 2023 Analizar los datos sanitarios para mejorar la salud de la poblaci\u00f3n Blog 15 Junio 2023 La importancia de la recogida de datos en la salud p\u00fablica Blog 8 Junio 2023\" \/>\n<meta property=\"og:url\" content=\"https:\/\/syndesis.com\/es\/novedades\/junio-de-2023\/\" \/>\n<meta property=\"og:site_name\" content=\"Syndesis Health\" \/>\n<meta property=\"article:modified_time\" content=\"2023-08-18T19:53:50+00:00\" \/>\n<meta name=\"twitter:card\" content=\"summary_large_image\" \/>\n<meta name=\"twitter:site\" content=\"@syndesis_health\" \/>\n<script type=\"application\/ld+json\" class=\"yoast-schema-graph\">{\"@context\":\"https:\\\/\\\/schema.org\",\"@graph\":[{\"@type\":\"WebPage\",\"@id\":\"https:\\\/\\\/syndesis.com\\\/es\\\/novedades\\\/junio-de-2023\\\/\",\"url\":\"https:\\\/\\\/syndesis.com\\\/es\\\/novedades\\\/junio-de-2023\\\/\",\"name\":\"Junio de 2023 - Syndesis Health\",\"isPartOf\":{\"@id\":\"https:\\\/\\\/syndesis.com\\\/es\\\/#website\"},\"datePublished\":\"2023-07-03T12:53:58+00:00\",\"dateModified\":\"2023-08-18T19:53:50+00:00\",\"breadcrumb\":{\"@id\":\"https:\\\/\\\/syndesis.com\\\/es\\\/novedades\\\/junio-de-2023\\\/#breadcrumb\"},\"inLanguage\":\"es\",\"potentialAction\":[{\"@type\":\"ReadAction\",\"target\":[\"https:\\\/\\\/syndesis.com\\\/es\\\/novedades\\\/junio-de-2023\\\/\"]}]},{\"@type\":\"BreadcrumbList\",\"@id\":\"https:\\\/\\\/syndesis.com\\\/es\\\/novedades\\\/junio-de-2023\\\/#breadcrumb\",\"itemListElement\":[{\"@type\":\"ListItem\",\"position\":1,\"name\":\"Home\",\"item\":\"https:\\\/\\\/syndesis.com\\\/es\\\/\"},{\"@type\":\"ListItem\",\"position\":2,\"name\":\"Novedades\",\"item\":\"https:\\\/\\\/syndesis.com\\\/es\\\/novedades\\\/\"},{\"@type\":\"ListItem\",\"position\":3,\"name\":\"Junio de 2023\"}]},{\"@type\":\"WebSite\",\"@id\":\"https:\\\/\\\/syndesis.com\\\/es\\\/#website\",\"url\":\"https:\\\/\\\/syndesis.com\\\/es\\\/\",\"name\":\"Syndesis Health\",\"description\":\"\",\"publisher\":{\"@id\":\"https:\\\/\\\/syndesis.com\\\/es\\\/#organization\"},\"potentialAction\":[{\"@type\":\"SearchAction\",\"target\":{\"@type\":\"EntryPoint\",\"urlTemplate\":\"https:\\\/\\\/syndesis.com\\\/es\\\/?s={search_term_string}\"},\"query-input\":{\"@type\":\"PropertyValueSpecification\",\"valueRequired\":true,\"valueName\":\"search_term_string\"}}],\"inLanguage\":\"es\"},{\"@type\":\"Organization\",\"@id\":\"https:\\\/\\\/syndesis.com\\\/es\\\/#organization\",\"name\":\"Syndesis Health\",\"url\":\"https:\\\/\\\/syndesis.com\\\/es\\\/\",\"logo\":{\"@type\":\"ImageObject\",\"inLanguage\":\"es\",\"@id\":\"https:\\\/\\\/syndesis.com\\\/es\\\/#\\\/schema\\\/logo\\\/image\\\/\",\"url\":\"https:\\\/\\\/syndesis.com\\\/wp-content\\\/uploads\\\/2023\\\/04\\\/Website-logo_4.25.png\",\"contentUrl\":\"https:\\\/\\\/syndesis.com\\\/wp-content\\\/uploads\\\/2023\\\/04\\\/Website-logo_4.25.png\",\"width\":673,\"height\":140,\"caption\":\"Syndesis Health\"},\"image\":{\"@id\":\"https:\\\/\\\/syndesis.com\\\/es\\\/#\\\/schema\\\/logo\\\/image\\\/\"},\"sameAs\":[\"https:\\\/\\\/x.com\\\/syndesis_health\",\"https:\\\/\\\/www.linkedin.com\\\/company\\\/syndesis-health\"]}]}<\/script>\n<!-- \/ Yoast SEO plugin. -->","yoast_head_json":{"title":"Junio de 2023 - Syndesis Health","robots":{"index":"index","follow":"follow","max-snippet":"max-snippet:-1","max-image-preview":"max-image-preview:large","max-video-preview":"max-video-preview:-1"},"canonical":"https:\/\/syndesis.com\/es\/novedades\/junio-de-2023\/","og_locale":"es_ES","og_type":"article","og_title":"Junio de 2023 - Syndesis Health","og_description":"Novedades &#8211; Junio 2023 La pr\u00f3xima era de la medicina de precisi\u00f3n combina datos cl\u00ednicos con secuenciaci\u00f3n del pangenoma Blog 28 Junio 2023 Analizar los datos sanitarios para mejorar la salud de la poblaci\u00f3n Blog 15 Junio 2023 La importancia de la recogida de datos en la salud p\u00fablica Blog 8 Junio 2023","og_url":"https:\/\/syndesis.com\/es\/novedades\/junio-de-2023\/","og_site_name":"Syndesis Health","article_modified_time":"2023-08-18T19:53:50+00:00","twitter_card":"summary_large_image","twitter_site":"@syndesis_health","schema":{"@context":"https:\/\/schema.org","@graph":[{"@type":"WebPage","@id":"https:\/\/syndesis.com\/es\/novedades\/junio-de-2023\/","url":"https:\/\/syndesis.com\/es\/novedades\/junio-de-2023\/","name":"Junio de 2023 - Syndesis Health","isPartOf":{"@id":"https:\/\/syndesis.com\/es\/#website"},"datePublished":"2023-07-03T12:53:58+00:00","dateModified":"2023-08-18T19:53:50+00:00","breadcrumb":{"@id":"https:\/\/syndesis.com\/es\/novedades\/junio-de-2023\/#breadcrumb"},"inLanguage":"es","potentialAction":[{"@type":"ReadAction","target":["https:\/\/syndesis.com\/es\/novedades\/junio-de-2023\/"]}]},{"@type":"BreadcrumbList","@id":"https:\/\/syndesis.com\/es\/novedades\/junio-de-2023\/#breadcrumb","itemListElement":[{"@type":"ListItem","position":1,"name":"Home","item":"https:\/\/syndesis.com\/es\/"},{"@type":"ListItem","position":2,"name":"Novedades","item":"https:\/\/syndesis.com\/es\/novedades\/"},{"@type":"ListItem","position":3,"name":"Junio de 2023"}]},{"@type":"WebSite","@id":"https:\/\/syndesis.com\/es\/#website","url":"https:\/\/syndesis.com\/es\/","name":"Syndesis Health","description":"","publisher":{"@id":"https:\/\/syndesis.com\/es\/#organization"},"potentialAction":[{"@type":"SearchAction","target":{"@type":"EntryPoint","urlTemplate":"https:\/\/syndesis.com\/es\/?s={search_term_string}"},"query-input":{"@type":"PropertyValueSpecification","valueRequired":true,"valueName":"search_term_string"}}],"inLanguage":"es"},{"@type":"Organization","@id":"https:\/\/syndesis.com\/es\/#organization","name":"Syndesis Health","url":"https:\/\/syndesis.com\/es\/","logo":{"@type":"ImageObject","inLanguage":"es","@id":"https:\/\/syndesis.com\/es\/#\/schema\/logo\/image\/","url":"https:\/\/syndesis.com\/wp-content\/uploads\/2023\/04\/Website-logo_4.25.png","contentUrl":"https:\/\/syndesis.com\/wp-content\/uploads\/2023\/04\/Website-logo_4.25.png","width":673,"height":140,"caption":"Syndesis Health"},"image":{"@id":"https:\/\/syndesis.com\/es\/#\/schema\/logo\/image\/"},"sameAs":["https:\/\/x.com\/syndesis_health","https:\/\/www.linkedin.com\/company\/syndesis-health"]}]}},"_links":{"self":[{"href":"https:\/\/syndesis.com\/es\/wp-json\/wp\/v2\/pages\/1169","targetHints":{"allow":["GET"]}}],"collection":[{"href":"https:\/\/syndesis.com\/es\/wp-json\/wp\/v2\/pages"}],"about":[{"href":"https:\/\/syndesis.com\/es\/wp-json\/wp\/v2\/types\/page"}],"author":[{"embeddable":true,"href":"https:\/\/syndesis.com\/es\/wp-json\/wp\/v2\/users\/6"}],"replies":[{"embeddable":true,"href":"https:\/\/syndesis.com\/es\/wp-json\/wp\/v2\/comments?post=1169"}],"version-history":[{"count":0,"href":"https:\/\/syndesis.com\/es\/wp-json\/wp\/v2\/pages\/1169\/revisions"}],"up":[{"embeddable":true,"href":"https:\/\/syndesis.com\/es\/wp-json\/wp\/v2\/pages\/762"}],"wp:attachment":[{"href":"https:\/\/syndesis.com\/es\/wp-json\/wp\/v2\/media?parent=1169"}],"curies":[{"name":"wp","href":"https:\/\/api.w.org\/{rel}","templated":true}]}}