{"id":1403,"date":"2024-01-02T17:26:17","date_gmt":"2024-01-02T17:26:17","guid":{"rendered":"https:\/\/syndesisdev.wpengine.com\/?page_id=1403"},"modified":"2024-01-03T16:39:53","modified_gmt":"2024-01-03T16:39:53","slug":"revolucion-de-la-ia-en-la-practica-medica","status":"publish","type":"page","link":"https:\/\/syndesis.com\/es\/revolucion-de-la-ia-en-la-practica-medica\/","title":{"rendered":"Revoluci\u00f3n de la IA en la pr\u00e1ctica m\u00e9dica"},"content":{"rendered":"\t\t<div data-elementor-type=\"wp-page\" data-elementor-id=\"1403\" class=\"elementor elementor-1403 elementor-1402\" data-elementor-post-type=\"page\">\n\t\t\t\t\t\t<section class=\"elementor-section elementor-top-section elementor-element elementor-element-04d0cf4 elementor-section-boxed elementor-section-height-default elementor-section-height-default\" data-id=\"04d0cf4\" data-element_type=\"section\" data-e-type=\"section\">\n\t\t\t\t\t\t<div class=\"elementor-container elementor-column-gap-default\">\n\t\t\t\t\t<div class=\"elementor-column elementor-col-100 elementor-top-column elementor-element elementor-element-a8b4dfe\" data-id=\"a8b4dfe\" data-element_type=\"column\" data-e-type=\"column\">\n\t\t\t<div class=\"elementor-widget-wrap elementor-element-populated\">\n\t\t\t\t\t\t<div class=\"elementor-element elementor-element-86d720c elementor-widget elementor-widget-spacer\" data-id=\"86d720c\" data-element_type=\"widget\" data-e-type=\"widget\" data-widget_type=\"spacer.default\">\n\t\t\t\t<div class=\"elementor-widget-container\">\n\t\t\t\t\t\t\t<div class=\"elementor-spacer\">\n\t\t\t<div class=\"elementor-spacer-inner\"><\/div>\n\t\t<\/div>\n\t\t\t\t\t\t<\/div>\n\t\t\t\t<\/div>\n\t\t\t\t<div class=\"elementor-element elementor-element-2be4fe2 elementor-widget elementor-widget-button\" data-id=\"2be4fe2\" data-element_type=\"widget\" data-e-type=\"widget\" data-widget_type=\"button.default\">\n\t\t\t\t<div class=\"elementor-widget-container\">\n\t\t\t\t\t\t\t\t\t<div class=\"elementor-button-wrapper\">\n\t\t\t\t\t<a class=\"elementor-button elementor-button-link elementor-size-sm\" href=\"https:\/\/syndesis.com\/es\/resources\/\">\n\t\t\t\t\t\t<span class=\"elementor-button-content-wrapper\">\n\t\t\t\t\t\t<span class=\"elementor-button-icon\">\n\t\t\t\t<i aria-hidden=\"true\" class=\"fas fa-angle-left\"><\/i>\t\t\t<\/span>\n\t\t\t\t\t\t\t\t\t<span class=\"elementor-button-text\">Novedades<\/span>\n\t\t\t\t\t<\/span>\n\t\t\t\t\t<\/a>\n\t\t\t\t<\/div>\n\t\t\t\t\t\t\t\t<\/div>\n\t\t\t\t<\/div>\n\t\t\t\t\t<\/div>\n\t\t<\/div>\n\t\t\t\t\t<\/div>\n\t\t<\/section>\n\t\t\t\t<section class=\"elementor-section elementor-top-section elementor-element elementor-element-ba479fb elementor-section-boxed elementor-section-height-default elementor-section-height-default\" data-id=\"ba479fb\" data-element_type=\"section\" data-e-type=\"section\">\n\t\t\t\t\t\t<div class=\"elementor-container elementor-column-gap-default\">\n\t\t\t\t\t<div class=\"elementor-column elementor-col-100 elementor-top-column elementor-element elementor-element-b9b6538\" data-id=\"b9b6538\" data-element_type=\"column\" data-e-type=\"column\">\n\t\t\t<div class=\"elementor-widget-wrap elementor-element-populated\">\n\t\t\t\t\t\t<div class=\"elementor-element elementor-element-61b586e elementor-widget elementor-widget-spacer\" data-id=\"61b586e\" data-element_type=\"widget\" data-e-type=\"widget\" data-widget_type=\"spacer.default\">\n\t\t\t\t<div class=\"elementor-widget-container\">\n\t\t\t\t\t\t\t<div class=\"elementor-spacer\">\n\t\t\t<div class=\"elementor-spacer-inner\"><\/div>\n\t\t<\/div>\n\t\t\t\t\t\t<\/div>\n\t\t\t\t<\/div>\n\t\t\t\t<div class=\"elementor-element elementor-element-26389b6 elementor-cta--valign-bottom elementor-cta--skin-classic elementor-animated-content elementor-widget elementor-widget-call-to-action\" data-id=\"26389b6\" data-element_type=\"widget\" data-e-type=\"widget\" data-settings=\"{&quot;_animation&quot;:&quot;none&quot;}\" data-widget_type=\"call-to-action.default\">\n\t\t\t\t<div class=\"elementor-widget-container\">\n\t\t\t\t\t\t\t<div class=\"elementor-cta\">\n\t\t\t\t\t<div class=\"elementor-cta__bg-wrapper\">\n\t\t\t\t<div class=\"elementor-cta__bg elementor-bg\" style=\"background-image: url(https:\/\/syndesis.com\/wp-content\/uploads\/2024\/01\/banner-2.jpg);\" role=\"img\" aria-label=\"banner-2\"><\/div>\n\t\t\t\t<div class=\"elementor-cta__bg-overlay\"><\/div>\n\t\t\t<\/div>\n\t\t\t\t\t\t\t<div class=\"elementor-cta__content\">\n\t\t\t\t\n\t\t\t\t\t\t\t\t\t<h2 class=\"elementor-cta__title elementor-cta__content-item elementor-content-item\">\n\t\t\t\t\t\tRevoluci\u00f3n de la IA en la pr\u00e1ctica m\u00e9dica\t\t\t\t\t<\/h2>\n\t\t\t\t\n\t\t\t\t\t\t\t\t\t<div class=\"elementor-cta__description elementor-cta__content-item elementor-content-item\">\n\t\t\t\t\t\t<p>En este libro blanco de Syndesis Health, George Zarkadakis explora c\u00f3mo la IA generativa<br \/>\nmarcar\u00e1 el comienzo de una nueva era para m\u00e9dicos y pacientes de todo el mundo (en ingl\u00e9s).  <\/p>\n\t\t\t\t\t<\/div>\n\t\t\t\t\n\t\t\t\t\t\t\t\t\t<div class=\"elementor-cta__button-wrapper elementor-cta__content-item elementor-content-item \">\n\t\t\t\t\t<a class=\"elementor-cta__button elementor-button elementor-size-\" href=\"https:\/\/syndesis.com\/wp-content\/uploads\/2024\/01\/AI-Revolution-in-Medical-Practice_final.pdf\" target=\"_blank\" download=\"AI-Revolution-in-Medical-Practice_final.pdf\">\n\t\t\t\t\t\tDescargar hoy\t\t\t\t\t<\/a>\n\t\t\t\t\t<\/div>\n\t\t\t\t\t\t\t<\/div>\n\t\t\t\t\t\t<\/div>\n\t\t\t\t\t\t<\/div>\n\t\t\t\t<\/div>\n\t\t\t\t\t<\/div>\n\t\t<\/div>\n\t\t\t\t\t<\/div>\n\t\t<\/section>\n\t\t\t\t<section class=\"elementor-section elementor-top-section elementor-element elementor-element-958676b elementor-section-boxed elementor-section-height-default elementor-section-height-default\" data-id=\"958676b\" data-element_type=\"section\" data-e-type=\"section\">\n\t\t\t\t\t\t<div class=\"elementor-container elementor-column-gap-default\">\n\t\t\t\t\t<div class=\"elementor-column elementor-col-100 elementor-top-column elementor-element elementor-element-bb686d5\" data-id=\"bb686d5\" data-element_type=\"column\" data-e-type=\"column\">\n\t\t\t<div class=\"elementor-widget-wrap elementor-element-populated\">\n\t\t\t\t\t\t<section class=\"elementor-section elementor-inner-section elementor-element elementor-element-49b7968 elementor-section-boxed elementor-section-height-default elementor-section-height-default\" data-id=\"49b7968\" data-element_type=\"section\" data-e-type=\"section\">\n\t\t\t\t\t\t<div class=\"elementor-container elementor-column-gap-default\">\n\t\t\t\t\t<div class=\"elementor-column elementor-col-50 elementor-inner-column elementor-element elementor-element-16035fd\" data-id=\"16035fd\" data-element_type=\"column\" data-e-type=\"column\">\n\t\t\t<div class=\"elementor-widget-wrap elementor-element-populated\">\n\t\t\t\t\t\t<div class=\"elementor-element elementor-element-471d43d elementor-widget elementor-widget-spacer\" data-id=\"471d43d\" data-element_type=\"widget\" data-e-type=\"widget\" data-widget_type=\"spacer.default\">\n\t\t\t\t<div class=\"elementor-widget-container\">\n\t\t\t\t\t\t\t<div class=\"elementor-spacer\">\n\t\t\t<div class=\"elementor-spacer-inner\"><\/div>\n\t\t<\/div>\n\t\t\t\t\t\t<\/div>\n\t\t\t\t<\/div>\n\t\t\t\t<div class=\"elementor-element elementor-element-f102ffa elementor-widget elementor-widget-text-editor\" data-id=\"f102ffa\" data-element_type=\"widget\" data-e-type=\"widget\" data-widget_type=\"text-editor.default\">\n\t\t\t\t<div class=\"elementor-widget-container\">\n\t\t\t\t\t\t\t\t\t<p>Cuatro motores principales est\u00e1n despertando un inter\u00e9s fenomenal por las aplicaciones de la inteligencia artificial (IA) a la medicina:<\/p><ul><li>Un diluvio de datos m\u00e9dicos que reclama la atenci\u00f3n de investigadores y profesionales de la medicina<\/li><li>Costes desorbitados que aumentan la presi\u00f3n sobre los presupuestos nacionales de sanidad<\/li><li>El crecimiento exponencial de los conocimientos m\u00e9dicos que hay que explotar en busca de ideas<\/li><li>Escasez de conocimientos m\u00e9dicos profundos, especialmente en las zonas en desarrollo del mundo.<\/li><\/ul><div>\u00a0<\/div><div>En este libro blanco, repasaremos c\u00f3mo la IA est\u00e1 abordando estos cuatro grandes retos, exploraremos casos de uso destacados y tendencias de los sistemas de IA m\u00e9dica, debatiremos los riesgos y retos de integrar la IA avanzada en la pr\u00e1ctica m\u00e9dica diaria y proporcionaremos un marco para que las organizaciones sanitarias puedan desarrollar y ejecutar estrategias de \u00e9xito para la adopci\u00f3n de la IA.<\/div>\t\t\t\t\t\t\t\t<\/div>\n\t\t\t\t<\/div>\n\t\t\t\t\t<\/div>\n\t\t<\/div>\n\t\t\t\t<div class=\"elementor-column elementor-col-50 elementor-inner-column elementor-element elementor-element-4ce897e\" data-id=\"4ce897e\" data-element_type=\"column\" data-e-type=\"column\">\n\t\t\t<div class=\"elementor-widget-wrap elementor-element-populated\">\n\t\t\t\t\t\t<div class=\"elementor-element elementor-element-267dcda elementor-widget elementor-widget-spacer\" data-id=\"267dcda\" data-element_type=\"widget\" data-e-type=\"widget\" data-widget_type=\"spacer.default\">\n\t\t\t\t<div class=\"elementor-widget-container\">\n\t\t\t\t\t\t\t<div class=\"elementor-spacer\">\n\t\t\t<div class=\"elementor-spacer-inner\"><\/div>\n\t\t<\/div>\n\t\t\t\t\t\t<\/div>\n\t\t\t\t<\/div>\n\t\t\t\t<div class=\"elementor-element elementor-element-6a6195b elementor-widget elementor-widget-image\" data-id=\"6a6195b\" data-element_type=\"widget\" data-e-type=\"widget\" data-widget_type=\"image.default\">\n\t\t\t\t<div class=\"elementor-widget-container\">\n\t\t\t\t\t\t\t\t\t\t\t\t\t\t\t\t<a href=\"\/wp-content\/uploads\/2024\/01\/AI-Revolution-in-Medical-Practice_final.pdf\" download=\"AI-Revolution-in-Medical-Practice_final.pdf\">\n\t\t\t\t\t\t\t<img fetchpriority=\"high\" decoding=\"async\" width=\"234\" height=\"300\" src=\"https:\/\/syndesis.com\/wp-content\/uploads\/2024\/01\/AI-medicine-cover-234x300.png\" class=\"attachment-medium size-medium wp-image-1416\" alt=\"\" srcset=\"https:\/\/syndesis.com\/wp-content\/uploads\/2024\/01\/AI-medicine-cover-234x300.png 234w, https:\/\/syndesis.com\/wp-content\/uploads\/2024\/01\/AI-medicine-cover-800x1024.png 800w, https:\/\/syndesis.com\/wp-content\/uploads\/2024\/01\/AI-medicine-cover-768x983.png 768w, https:\/\/syndesis.com\/wp-content\/uploads\/2024\/01\/AI-medicine-cover.png 944w\" sizes=\"(max-width: 234px) 100vw, 234px\" \/>\t\t\t\t\t\t\t\t<\/a>\n\t\t\t\t\t\t\t\t\t\t\t\t\t\t\t<\/div>\n\t\t\t\t<\/div>\n\t\t\t\t<div class=\"elementor-element elementor-element-7153537 elementor-widget elementor-widget-spacer\" data-id=\"7153537\" data-element_type=\"widget\" data-e-type=\"widget\" data-widget_type=\"spacer.default\">\n\t\t\t\t<div class=\"elementor-widget-container\">\n\t\t\t\t\t\t\t<div class=\"elementor-spacer\">\n\t\t\t<div class=\"elementor-spacer-inner\"><\/div>\n\t\t<\/div>\n\t\t\t\t\t\t<\/div>\n\t\t\t\t<\/div>\n\t\t\t\t<div class=\"elementor-element elementor-element-6b51661 elementor-align-center elementor-widget elementor-widget-button\" data-id=\"6b51661\" data-element_type=\"widget\" data-e-type=\"widget\" data-widget_type=\"button.default\">\n\t\t\t\t<div class=\"elementor-widget-container\">\n\t\t\t\t\t\t\t\t\t<div class=\"elementor-button-wrapper\">\n\t\t\t\t\t<a class=\"elementor-button elementor-button-link elementor-size-sm\" href=\"https:\/\/syndesis.com\/wp-content\/uploads\/2024\/01\/AI-Revolution-in-Medical-Practice_final.pdf\" download=\"AI-Revolution-in-Medical-Practice_final.pdf\">\n\t\t\t\t\t\t<span class=\"elementor-button-content-wrapper\">\n\t\t\t\t\t\t\t\t\t<span class=\"elementor-button-text\">Seguir leyendo<\/span>\n\t\t\t\t\t<\/span>\n\t\t\t\t\t<\/a>\n\t\t\t\t<\/div>\n\t\t\t\t\t\t\t\t<\/div>\n\t\t\t\t<\/div>\n\t\t\t\t\t<\/div>\n\t\t<\/div>\n\t\t\t\t\t<\/div>\n\t\t<\/section>\n\t\t\t\t\t<\/div>\n\t\t<\/div>\n\t\t\t\t\t<\/div>\n\t\t<\/section>\n\t\t\t\t<section class=\"elementor-section elementor-top-section elementor-element elementor-element-c44631d elementor-section-boxed elementor-section-height-default elementor-section-height-default\" data-id=\"c44631d\" data-element_type=\"section\" data-e-type=\"section\">\n\t\t\t\t\t\t<div class=\"elementor-container elementor-column-gap-default\">\n\t\t\t\t\t<div class=\"elementor-column elementor-col-100 elementor-top-column elementor-element elementor-element-91fc093\" data-id=\"91fc093\" data-element_type=\"column\" data-e-type=\"column\">\n\t\t\t<div class=\"elementor-widget-wrap elementor-element-populated\">\n\t\t\t\t\t\t<div class=\"elementor-element elementor-element-a321af8 elementor-widget elementor-widget-spacer\" data-id=\"a321af8\" data-element_type=\"widget\" data-e-type=\"widget\" data-widget_type=\"spacer.default\">\n\t\t\t\t<div class=\"elementor-widget-container\">\n\t\t\t\t\t\t\t<div class=\"elementor-spacer\">\n\t\t\t<div class=\"elementor-spacer-inner\"><\/div>\n\t\t<\/div>\n\t\t\t\t\t\t<\/div>\n\t\t\t\t<\/div>\n\t\t\t\t\t<\/div>\n\t\t<\/div>\n\t\t\t\t\t<\/div>\n\t\t<\/section>\n\t\t\t\t<\/div>\n\t\t","protected":false},"excerpt":{"rendered":"<p>Novedades Revoluci\u00f3n de la IA en la pr\u00e1ctica m\u00e9dica En este libro blanco de Syndesis Health, George Zarkadakis explora c\u00f3mo la IA generativa marcar\u00e1 el comienzo de una nueva era para m\u00e9dicos y pacientes de todo el mundo (en ingl\u00e9s). Descargar hoy Cuatro motores principales est\u00e1n despertando un inter\u00e9s fenomenal por las aplicaciones de la [&hellip;]<\/p>\n","protected":false},"author":1,"featured_media":1416,"parent":0,"menu_order":0,"comment_status":"closed","ping_status":"closed","template":"elementor_header_footer","meta":{"content-type":"","footnotes":""},"class_list":["post-1403","page","type-page","status-publish","has-post-thumbnail","hentry"],"yoast_head":"<!-- This site is optimized with the Yoast SEO plugin v27.4 - https:\/\/yoast.com\/product\/yoast-seo-wordpress\/ -->\n<title>Download Now - Revoluci\u00f3n de la IA en la pr\u00e1ctica m\u00e9dica<\/title>\n<meta name=\"description\" content=\"Explore the opportunities for healthcare and life sciences organizations that are open to embracing a value-based, AI and data-driven future.\" \/>\n<meta name=\"robots\" content=\"index, follow, max-snippet:-1, max-image-preview:large, max-video-preview:-1\" \/>\n<link rel=\"canonical\" href=\"https:\/\/syndesis.com\/es\/revolucion-de-la-ia-en-la-practica-medica\/\" \/>\n<meta property=\"og:locale\" content=\"es_ES\" \/>\n<meta property=\"og:type\" content=\"article\" \/>\n<meta property=\"og:title\" content=\"Download Now - Revoluci\u00f3n de la IA en la pr\u00e1ctica m\u00e9dica\" \/>\n<meta property=\"og:description\" content=\"Explore the opportunities for healthcare and life sciences organizations that are open to embracing a value-based, AI and data-driven future.\" \/>\n<meta property=\"og:url\" content=\"https:\/\/syndesis.com\/es\/revolucion-de-la-ia-en-la-practica-medica\/\" \/>\n<meta property=\"og:site_name\" content=\"Syndesis Health\" \/>\n<meta property=\"article:modified_time\" content=\"2024-01-03T16:39:53+00:00\" \/>\n<meta property=\"og:image\" content=\"https:\/\/syndesis.com\/wp-content\/uploads\/2024\/01\/AI-medicine-cover.png\" \/>\n\t<meta property=\"og:image:width\" content=\"944\" \/>\n\t<meta property=\"og:image:height\" content=\"1208\" \/>\n\t<meta property=\"og:image:type\" content=\"image\/png\" \/>\n<meta name=\"twitter:card\" content=\"summary_large_image\" \/>\n<meta name=\"twitter:site\" content=\"@syndesis_health\" \/>\n<script type=\"application\/ld+json\" class=\"yoast-schema-graph\">{\"@context\":\"https:\\\/\\\/schema.org\",\"@graph\":[{\"@type\":\"WebPage\",\"@id\":\"https:\\\/\\\/syndesis.com\\\/es\\\/revolucion-de-la-ia-en-la-practica-medica\\\/\",\"url\":\"https:\\\/\\\/syndesis.com\\\/es\\\/revolucion-de-la-ia-en-la-practica-medica\\\/\",\"name\":\"Download Now - Revoluci\u00f3n de la IA en la pr\u00e1ctica m\u00e9dica\",\"isPartOf\":{\"@id\":\"https:\\\/\\\/syndesis.com\\\/es\\\/#website\"},\"primaryImageOfPage\":{\"@id\":\"https:\\\/\\\/syndesis.com\\\/es\\\/revolucion-de-la-ia-en-la-practica-medica\\\/#primaryimage\"},\"image\":{\"@id\":\"https:\\\/\\\/syndesis.com\\\/es\\\/revolucion-de-la-ia-en-la-practica-medica\\\/#primaryimage\"},\"thumbnailUrl\":\"https:\\\/\\\/syndesis.com\\\/wp-content\\\/uploads\\\/2024\\\/01\\\/AI-medicine-cover.png\",\"datePublished\":\"2024-01-02T17:26:17+00:00\",\"dateModified\":\"2024-01-03T16:39:53+00:00\",\"description\":\"Explore the opportunities for healthcare and life sciences organizations that are open to embracing a value-based, AI and data-driven future.\",\"breadcrumb\":{\"@id\":\"https:\\\/\\\/syndesis.com\\\/es\\\/revolucion-de-la-ia-en-la-practica-medica\\\/#breadcrumb\"},\"inLanguage\":\"es\",\"potentialAction\":[{\"@type\":\"ReadAction\",\"target\":[\"https:\\\/\\\/syndesis.com\\\/es\\\/revolucion-de-la-ia-en-la-practica-medica\\\/\"]}]},{\"@type\":\"ImageObject\",\"inLanguage\":\"es\",\"@id\":\"https:\\\/\\\/syndesis.com\\\/es\\\/revolucion-de-la-ia-en-la-practica-medica\\\/#primaryimage\",\"url\":\"https:\\\/\\\/syndesis.com\\\/wp-content\\\/uploads\\\/2024\\\/01\\\/AI-medicine-cover.png\",\"contentUrl\":\"https:\\\/\\\/syndesis.com\\\/wp-content\\\/uploads\\\/2024\\\/01\\\/AI-medicine-cover.png\",\"width\":944,\"height\":1208},{\"@type\":\"BreadcrumbList\",\"@id\":\"https:\\\/\\\/syndesis.com\\\/es\\\/revolucion-de-la-ia-en-la-practica-medica\\\/#breadcrumb\",\"itemListElement\":[{\"@type\":\"ListItem\",\"position\":1,\"name\":\"Home\",\"item\":\"https:\\\/\\\/syndesis.com\\\/es\\\/\"},{\"@type\":\"ListItem\",\"position\":2,\"name\":\"Revoluci\u00f3n de la IA en la pr\u00e1ctica m\u00e9dica\"}]},{\"@type\":\"WebSite\",\"@id\":\"https:\\\/\\\/syndesis.com\\\/es\\\/#website\",\"url\":\"https:\\\/\\\/syndesis.com\\\/es\\\/\",\"name\":\"Syndesis Health\",\"description\":\"\",\"publisher\":{\"@id\":\"https:\\\/\\\/syndesis.com\\\/es\\\/#organization\"},\"potentialAction\":[{\"@type\":\"SearchAction\",\"target\":{\"@type\":\"EntryPoint\",\"urlTemplate\":\"https:\\\/\\\/syndesis.com\\\/es\\\/?s={search_term_string}\"},\"query-input\":{\"@type\":\"PropertyValueSpecification\",\"valueRequired\":true,\"valueName\":\"search_term_string\"}}],\"inLanguage\":\"es\"},{\"@type\":\"Organization\",\"@id\":\"https:\\\/\\\/syndesis.com\\\/es\\\/#organization\",\"name\":\"Syndesis Health\",\"url\":\"https:\\\/\\\/syndesis.com\\\/es\\\/\",\"logo\":{\"@type\":\"ImageObject\",\"inLanguage\":\"es\",\"@id\":\"https:\\\/\\\/syndesis.com\\\/es\\\/#\\\/schema\\\/logo\\\/image\\\/\",\"url\":\"https:\\\/\\\/syndesis.com\\\/wp-content\\\/uploads\\\/2023\\\/04\\\/Website-logo_4.25.png\",\"contentUrl\":\"https:\\\/\\\/syndesis.com\\\/wp-content\\\/uploads\\\/2023\\\/04\\\/Website-logo_4.25.png\",\"width\":673,\"height\":140,\"caption\":\"Syndesis Health\"},\"image\":{\"@id\":\"https:\\\/\\\/syndesis.com\\\/es\\\/#\\\/schema\\\/logo\\\/image\\\/\"},\"sameAs\":[\"https:\\\/\\\/x.com\\\/syndesis_health\",\"https:\\\/\\\/www.linkedin.com\\\/company\\\/syndesis-health\"]}]}<\/script>\n<!-- \/ Yoast SEO plugin. -->","yoast_head_json":{"title":"Download Now - Revoluci\u00f3n de la IA en la pr\u00e1ctica m\u00e9dica","description":"Explore the opportunities for healthcare and life sciences organizations that are open to embracing a value-based, AI and data-driven future.","robots":{"index":"index","follow":"follow","max-snippet":"max-snippet:-1","max-image-preview":"max-image-preview:large","max-video-preview":"max-video-preview:-1"},"canonical":"https:\/\/syndesis.com\/es\/revolucion-de-la-ia-en-la-practica-medica\/","og_locale":"es_ES","og_type":"article","og_title":"Download Now - Revoluci\u00f3n de la IA en la pr\u00e1ctica m\u00e9dica","og_description":"Explore the opportunities for healthcare and life sciences organizations that are open to embracing a value-based, AI and data-driven future.","og_url":"https:\/\/syndesis.com\/es\/revolucion-de-la-ia-en-la-practica-medica\/","og_site_name":"Syndesis Health","article_modified_time":"2024-01-03T16:39:53+00:00","og_image":[{"width":944,"height":1208,"url":"https:\/\/syndesis.com\/wp-content\/uploads\/2024\/01\/AI-medicine-cover.png","type":"image\/png"}],"twitter_card":"summary_large_image","twitter_site":"@syndesis_health","schema":{"@context":"https:\/\/schema.org","@graph":[{"@type":"WebPage","@id":"https:\/\/syndesis.com\/es\/revolucion-de-la-ia-en-la-practica-medica\/","url":"https:\/\/syndesis.com\/es\/revolucion-de-la-ia-en-la-practica-medica\/","name":"Download Now - Revoluci\u00f3n de la IA en la pr\u00e1ctica m\u00e9dica","isPartOf":{"@id":"https:\/\/syndesis.com\/es\/#website"},"primaryImageOfPage":{"@id":"https:\/\/syndesis.com\/es\/revolucion-de-la-ia-en-la-practica-medica\/#primaryimage"},"image":{"@id":"https:\/\/syndesis.com\/es\/revolucion-de-la-ia-en-la-practica-medica\/#primaryimage"},"thumbnailUrl":"https:\/\/syndesis.com\/wp-content\/uploads\/2024\/01\/AI-medicine-cover.png","datePublished":"2024-01-02T17:26:17+00:00","dateModified":"2024-01-03T16:39:53+00:00","description":"Explore the opportunities for healthcare and life sciences organizations that are open to embracing a value-based, AI and data-driven future.","breadcrumb":{"@id":"https:\/\/syndesis.com\/es\/revolucion-de-la-ia-en-la-practica-medica\/#breadcrumb"},"inLanguage":"es","potentialAction":[{"@type":"ReadAction","target":["https:\/\/syndesis.com\/es\/revolucion-de-la-ia-en-la-practica-medica\/"]}]},{"@type":"ImageObject","inLanguage":"es","@id":"https:\/\/syndesis.com\/es\/revolucion-de-la-ia-en-la-practica-medica\/#primaryimage","url":"https:\/\/syndesis.com\/wp-content\/uploads\/2024\/01\/AI-medicine-cover.png","contentUrl":"https:\/\/syndesis.com\/wp-content\/uploads\/2024\/01\/AI-medicine-cover.png","width":944,"height":1208},{"@type":"BreadcrumbList","@id":"https:\/\/syndesis.com\/es\/revolucion-de-la-ia-en-la-practica-medica\/#breadcrumb","itemListElement":[{"@type":"ListItem","position":1,"name":"Home","item":"https:\/\/syndesis.com\/es\/"},{"@type":"ListItem","position":2,"name":"Revoluci\u00f3n de la IA en la pr\u00e1ctica m\u00e9dica"}]},{"@type":"WebSite","@id":"https:\/\/syndesis.com\/es\/#website","url":"https:\/\/syndesis.com\/es\/","name":"Syndesis Health","description":"","publisher":{"@id":"https:\/\/syndesis.com\/es\/#organization"},"potentialAction":[{"@type":"SearchAction","target":{"@type":"EntryPoint","urlTemplate":"https:\/\/syndesis.com\/es\/?s={search_term_string}"},"query-input":{"@type":"PropertyValueSpecification","valueRequired":true,"valueName":"search_term_string"}}],"inLanguage":"es"},{"@type":"Organization","@id":"https:\/\/syndesis.com\/es\/#organization","name":"Syndesis Health","url":"https:\/\/syndesis.com\/es\/","logo":{"@type":"ImageObject","inLanguage":"es","@id":"https:\/\/syndesis.com\/es\/#\/schema\/logo\/image\/","url":"https:\/\/syndesis.com\/wp-content\/uploads\/2023\/04\/Website-logo_4.25.png","contentUrl":"https:\/\/syndesis.com\/wp-content\/uploads\/2023\/04\/Website-logo_4.25.png","width":673,"height":140,"caption":"Syndesis Health"},"image":{"@id":"https:\/\/syndesis.com\/es\/#\/schema\/logo\/image\/"},"sameAs":["https:\/\/x.com\/syndesis_health","https:\/\/www.linkedin.com\/company\/syndesis-health"]}]}},"_links":{"self":[{"href":"https:\/\/syndesis.com\/es\/wp-json\/wp\/v2\/pages\/1403","targetHints":{"allow":["GET"]}}],"collection":[{"href":"https:\/\/syndesis.com\/es\/wp-json\/wp\/v2\/pages"}],"about":[{"href":"https:\/\/syndesis.com\/es\/wp-json\/wp\/v2\/types\/page"}],"author":[{"embeddable":true,"href":"https:\/\/syndesis.com\/es\/wp-json\/wp\/v2\/users\/1"}],"replies":[{"embeddable":true,"href":"https:\/\/syndesis.com\/es\/wp-json\/wp\/v2\/comments?post=1403"}],"version-history":[{"count":0,"href":"https:\/\/syndesis.com\/es\/wp-json\/wp\/v2\/pages\/1403\/revisions"}],"wp:featuredmedia":[{"embeddable":true,"href":"https:\/\/syndesis.com\/es\/wp-json\/wp\/v2\/media\/1416"}],"wp:attachment":[{"href":"https:\/\/syndesis.com\/es\/wp-json\/wp\/v2\/media?parent=1403"}],"curies":[{"name":"wp","href":"https:\/\/api.w.org\/{rel}","templated":true}]}}