{"id":759,"date":"2023-03-20T17:26:40","date_gmt":"2023-03-20T17:26:40","guid":{"rendered":"https:\/\/syndesisdev.wpengine.com\/life-sciences\/"},"modified":"2023-08-18T19:07:52","modified_gmt":"2023-08-18T19:07:52","slug":"life-sciences","status":"publish","type":"page","link":"https:\/\/syndesis.com\/es\/life-sciences\/","title":{"rendered":"Ciencias de la vida"},"content":{"rendered":"\t\t<div data-elementor-type=\"wp-page\" data-elementor-id=\"759\" class=\"elementor elementor-759 elementor-146\" data-elementor-post-type=\"page\">\n\t\t\t\t\t\t<section class=\"elementor-section elementor-top-section elementor-element elementor-element-d4cc4bf elementor-section-full_width elementor-section-height-min-height elementor-section-height-default elementor-section-items-middle\" data-id=\"d4cc4bf\" data-element_type=\"section\" data-e-type=\"section\" data-settings=\"{&quot;background_background&quot;:&quot;video&quot;,&quot;background_video_link&quot;:&quot;https:\\\/\\\/syndesis.com\\\/wp-content\\\/uploads\\\/2023\\\/04\\\/Life-Sciences_hero.mp4&quot;,&quot;background_play_on_mobile&quot;:&quot;yes&quot;}\">\n\t\t\t\t\t\t\t\t<div class=\"elementor-background-video-container\">\n\t\t\t\t\t\t\t\t\t\t\t\t\t<video class=\"elementor-background-video-hosted\" role=\"presentation\" autoplay muted playsinline loop><\/video>\n\t\t\t\t\t\t\t\t\t\t\t<\/div>\n\t\t\t\t\t\t\t\t<div class=\"elementor-container elementor-column-gap-default\">\n\t\t\t\t\t<div class=\"elementor-column elementor-col-100 elementor-top-column elementor-element elementor-element-c60887a\" data-id=\"c60887a\" data-element_type=\"column\" data-e-type=\"column\">\n\t\t\t<div class=\"elementor-widget-wrap\">\n\t\t\t\t\t\t\t<\/div>\n\t\t<\/div>\n\t\t\t\t\t<\/div>\n\t\t<\/section>\n\t\t\t\t<section class=\"elementor-section elementor-top-section elementor-element elementor-element-705d7775 elementor-section-boxed elementor-section-height-default elementor-section-height-default\" data-id=\"705d7775\" data-element_type=\"section\" data-e-type=\"section\">\n\t\t\t\t\t\t<div class=\"elementor-container elementor-column-gap-default\">\n\t\t\t\t\t<div class=\"elementor-column elementor-col-100 elementor-top-column elementor-element elementor-element-2b8c0e67\" data-id=\"2b8c0e67\" data-element_type=\"column\" data-e-type=\"column\">\n\t\t\t<div class=\"elementor-widget-wrap elementor-element-populated\">\n\t\t\t\t\t\t<div class=\"elementor-element elementor-element-5264f842 elementor-widget elementor-widget-heading\" data-id=\"5264f842\" data-element_type=\"widget\" data-e-type=\"widget\" data-widget_type=\"heading.default\">\n\t\t\t\t<div class=\"elementor-widget-container\">\n\t\t\t\t\t<h1 class=\"elementor-heading-title elementor-size-default\">Ciencias de la vida<\/h1>\t\t\t\t<\/div>\n\t\t\t\t<\/div>\n\t\t\t\t<div class=\"elementor-element elementor-element-4101b039 elementor-widget elementor-widget-heading\" data-id=\"4101b039\" data-element_type=\"widget\" data-e-type=\"widget\" data-widget_type=\"heading.default\">\n\t\t\t\t<div class=\"elementor-widget-container\">\n\t\t\t\t\t<h1 class=\"elementor-heading-title elementor-size-default\">Impulsar el progreso con evidencia real<\/h1>\t\t\t\t<\/div>\n\t\t\t\t<\/div>\n\t\t\t\t\t<\/div>\n\t\t<\/div>\n\t\t\t\t\t<\/div>\n\t\t<\/section>\n\t\t\t\t<section class=\"elementor-section elementor-top-section elementor-element elementor-element-1701b0d4 elementor-section-boxed elementor-section-height-default elementor-section-height-default\" data-id=\"1701b0d4\" data-element_type=\"section\" data-e-type=\"section\">\n\t\t\t\t\t\t<div class=\"elementor-container elementor-column-gap-default\">\n\t\t\t\t\t<div class=\"elementor-column elementor-col-50 elementor-top-column elementor-element elementor-element-745c774f\" data-id=\"745c774f\" data-element_type=\"column\" data-e-type=\"column\">\n\t\t\t<div class=\"elementor-widget-wrap elementor-element-populated\">\n\t\t\t\t\t\t<div class=\"elementor-element elementor-element-2a0ef073 elementor-widget elementor-widget-text-editor\" data-id=\"2a0ef073\" data-element_type=\"widget\" data-e-type=\"widget\" data-widget_type=\"text-editor.default\">\n\t\t\t\t<div class=\"elementor-widget-container\">\n\t\t\t\t\t\t\t\t\t<p>Las instituciones de ciencias de la vida, desde farmac\u00e9uticas hasta CROs(<em>Contract Research Organizations<\/em>) y de biotecnolog\u00eda, aprovechan nuestros <em>datos de la vida rea<\/em>l (RWE, <em>real-world evidence<\/em>) para acelerar su capacidad de ofrecer investigaci\u00f3n, productos y servicios de valora sus integrantes. Syndesis Health proporciona acceso seguro a nuestro conjunto de datos despersonalizadospara apoyarla investigaci\u00f3n, los ensayos cl\u00ednicos y los estudios cl\u00ednicos, las soluciones digitales de salud y muchas otras innovaciones.<\/p>\t\t\t\t\t\t\t\t<\/div>\n\t\t\t\t<\/div>\n\t\t\t\t<div class=\"elementor-element elementor-element-63370c7 elementor-widget elementor-widget-text-editor\" data-id=\"63370c7\" data-element_type=\"widget\" data-e-type=\"widget\" data-widget_type=\"text-editor.default\">\n\t\t\t\t<div class=\"elementor-widget-container\">\n\t\t\t\t\t\t\t\t\t<p>Nuestro enfoque flexible de concesi\u00f3n de licencias ofrece varias opciones para que las organizaciones de ciencias de la vida obtengan un acceso seguro y controlado a los datos, cumpliendo plenamente la <a style=\"color: #18a3e3;\" href=\"https:\/\/syndesis.com\/es\/data-security\/\">normativa local e internacional sobre datos<\/a>.<\/p>\t\t\t\t\t\t\t\t<\/div>\n\t\t\t\t<\/div>\n\t\t\t\t\t<\/div>\n\t\t<\/div>\n\t\t\t\t<div class=\"elementor-column elementor-col-50 elementor-top-column elementor-element elementor-element-529aca81\" data-id=\"529aca81\" data-element_type=\"column\" data-e-type=\"column\">\n\t\t\t<div class=\"elementor-widget-wrap elementor-element-populated\">\n\t\t\t\t\t\t<section class=\"elementor-section elementor-inner-section elementor-element elementor-element-7a40684f elementor-section-boxed elementor-section-height-default elementor-section-height-default\" data-id=\"7a40684f\" data-element_type=\"section\" data-e-type=\"section\">\n\t\t\t\t\t\t<div class=\"elementor-container elementor-column-gap-default\">\n\t\t\t\t\t<div class=\"elementor-column elementor-col-50 elementor-inner-column elementor-element elementor-element-6cfe578a\" data-id=\"6cfe578a\" data-element_type=\"column\" data-e-type=\"column\">\n\t\t\t<div class=\"elementor-widget-wrap elementor-element-populated\">\n\t\t\t\t\t\t<div class=\"elementor-element elementor-element-6b2d476 elementor-widget elementor-widget-image\" data-id=\"6b2d476\" data-element_type=\"widget\" data-e-type=\"widget\" data-widget_type=\"image.default\">\n\t\t\t\t<div class=\"elementor-widget-container\">\n\t\t\t\t\t\t\t\t\t\t\t\t\t\t\t<img decoding=\"async\" width=\"70\" height=\"65\" src=\"https:\/\/syndesis.com\/wp-content\/uploads\/2023\/04\/Group-3-1.png\" class=\"attachment-full size-full wp-image-679\" alt=\"\" \/>\t\t\t\t\t\t\t\t\t\t\t\t\t\t\t<\/div>\n\t\t\t\t<\/div>\n\t\t\t\t\t<\/div>\n\t\t<\/div>\n\t\t\t\t<div class=\"elementor-column elementor-col-50 elementor-inner-column elementor-element elementor-element-60603dd7\" data-id=\"60603dd7\" data-element_type=\"column\" data-e-type=\"column\" data-settings=\"{&quot;background_background&quot;:&quot;classic&quot;}\">\n\t\t\t<div class=\"elementor-widget-wrap elementor-element-populated\">\n\t\t\t\t\t\t<div class=\"elementor-element elementor-element-6e050aa1 elementor-widget elementor-widget-text-editor\" data-id=\"6e050aa1\" data-element_type=\"widget\" data-e-type=\"widget\" data-widget_type=\"text-editor.default\">\n\t\t\t\t<div class=\"elementor-widget-container\">\n\t\t\t\t\t\t\t\t\t<p>Mejore la selecci\u00f3n de cohortes para ensayos cl\u00ednicos e iniciativas de investigaci\u00f3n con un an\u00e1lisis muy detallado de la poblaci\u00f3n de pacientes y el estado de la enfermedad en registros an\u00f3nimos de cientos de hospitales y cl\u00ednicas de todo el mundo.<\/p>\t\t\t\t\t\t\t\t<\/div>\n\t\t\t\t<\/div>\n\t\t\t\t\t<\/div>\n\t\t<\/div>\n\t\t\t\t\t<\/div>\n\t\t<\/section>\n\t\t\t\t<section class=\"elementor-section elementor-inner-section elementor-element elementor-element-154a6367 elementor-section-boxed elementor-section-height-default elementor-section-height-default\" data-id=\"154a6367\" data-element_type=\"section\" data-e-type=\"section\">\n\t\t\t\t\t\t<div class=\"elementor-container elementor-column-gap-default\">\n\t\t\t\t\t<div class=\"elementor-column elementor-col-50 elementor-inner-column elementor-element elementor-element-39b186c4\" data-id=\"39b186c4\" data-element_type=\"column\" data-e-type=\"column\">\n\t\t\t<div class=\"elementor-widget-wrap elementor-element-populated\">\n\t\t\t\t\t\t<div class=\"elementor-element elementor-element-29310714 elementor-widget elementor-widget-image\" data-id=\"29310714\" data-element_type=\"widget\" data-e-type=\"widget\" data-widget_type=\"image.default\">\n\t\t\t\t<div class=\"elementor-widget-container\">\n\t\t\t\t\t\t\t\t\t\t\t\t\t\t\t<img decoding=\"async\" width=\"83\" height=\"70\" src=\"https:\/\/syndesis.com\/wp-content\/uploads\/2023\/04\/Group-2-1.png\" class=\"attachment-full size-full wp-image-682\" alt=\"\" \/>\t\t\t\t\t\t\t\t\t\t\t\t\t\t\t<\/div>\n\t\t\t\t<\/div>\n\t\t\t\t\t<\/div>\n\t\t<\/div>\n\t\t\t\t<div class=\"elementor-column elementor-col-50 elementor-inner-column elementor-element elementor-element-7ebd5106\" data-id=\"7ebd5106\" data-element_type=\"column\" data-e-type=\"column\" data-settings=\"{&quot;background_background&quot;:&quot;classic&quot;}\">\n\t\t\t<div class=\"elementor-widget-wrap elementor-element-populated\">\n\t\t\t\t\t\t<div class=\"elementor-element elementor-element-234377ab elementor-widget elementor-widget-text-editor\" data-id=\"234377ab\" data-element_type=\"widget\" data-e-type=\"widget\" data-widget_type=\"text-editor.default\">\n\t\t\t\t<div class=\"elementor-widget-container\">\n\t\t\t\t\t\t\t\t\t<p>Conecte y colabore con los centros mundiales que han proporcionado cohortes o datos de pacientes para la investigaci\u00f3n a trav\u00e9s de la Red Syndesis.<\/p>\t\t\t\t\t\t\t\t<\/div>\n\t\t\t\t<\/div>\n\t\t\t\t\t<\/div>\n\t\t<\/div>\n\t\t\t\t\t<\/div>\n\t\t<\/section>\n\t\t\t\t<section class=\"elementor-section elementor-inner-section elementor-element elementor-element-1797de0c elementor-section-boxed elementor-section-height-default elementor-section-height-default\" data-id=\"1797de0c\" data-element_type=\"section\" data-e-type=\"section\">\n\t\t\t\t\t\t<div class=\"elementor-container elementor-column-gap-default\">\n\t\t\t\t\t<div class=\"elementor-column elementor-col-50 elementor-inner-column elementor-element elementor-element-2b764606\" data-id=\"2b764606\" data-element_type=\"column\" data-e-type=\"column\">\n\t\t\t<div class=\"elementor-widget-wrap elementor-element-populated\">\n\t\t\t\t\t\t<div class=\"elementor-element elementor-element-7ae48ffd elementor-widget elementor-widget-image\" data-id=\"7ae48ffd\" data-element_type=\"widget\" data-e-type=\"widget\" data-widget_type=\"image.default\">\n\t\t\t\t<div class=\"elementor-widget-container\">\n\t\t\t\t\t\t\t\t\t\t\t\t\t\t\t<img decoding=\"async\" width=\"70\" height=\"60\" src=\"https:\/\/syndesis.com\/wp-content\/uploads\/2023\/04\/Group-1-1.png\" class=\"attachment-full size-full wp-image-685\" alt=\"\" \/>\t\t\t\t\t\t\t\t\t\t\t\t\t\t\t<\/div>\n\t\t\t\t<\/div>\n\t\t\t\t\t<\/div>\n\t\t<\/div>\n\t\t\t\t<div class=\"elementor-column elementor-col-50 elementor-inner-column elementor-element elementor-element-5148407d\" data-id=\"5148407d\" data-element_type=\"column\" data-e-type=\"column\" data-settings=\"{&quot;background_background&quot;:&quot;classic&quot;}\">\n\t\t\t<div class=\"elementor-widget-wrap elementor-element-populated\">\n\t\t\t\t\t\t<div class=\"elementor-element elementor-element-2161eba7 elementor-widget elementor-widget-text-editor\" data-id=\"2161eba7\" data-element_type=\"widget\" data-e-type=\"widget\" data-widget_type=\"text-editor.default\">\n\t\t\t\t<div class=\"elementor-widget-container\">\n\t\t\t\t\t\t\t\t\t<p>Acceda a an\u00e1lisis sobre tendencias de adopci\u00f3n, trayectorias de los pacientes, patrones de tratamiento longitudinal y resultados de los pacientes en miles de enfermedades.<\/p>\t\t\t\t\t\t\t\t<\/div>\n\t\t\t\t<\/div>\n\t\t\t\t\t<\/div>\n\t\t<\/div>\n\t\t\t\t\t<\/div>\n\t\t<\/section>\n\t\t\t\t<section class=\"elementor-section elementor-inner-section elementor-element elementor-element-35eeef4c elementor-section-boxed elementor-section-height-default elementor-section-height-default\" data-id=\"35eeef4c\" data-element_type=\"section\" data-e-type=\"section\">\n\t\t\t\t\t\t<div class=\"elementor-container elementor-column-gap-default\">\n\t\t\t\t\t<div class=\"elementor-column elementor-col-50 elementor-inner-column elementor-element elementor-element-653f3c40\" data-id=\"653f3c40\" data-element_type=\"column\" data-e-type=\"column\">\n\t\t\t<div class=\"elementor-widget-wrap elementor-element-populated\">\n\t\t\t\t\t\t<div class=\"elementor-element elementor-element-74c764be elementor-widget elementor-widget-image\" data-id=\"74c764be\" data-element_type=\"widget\" data-e-type=\"widget\" data-widget_type=\"image.default\">\n\t\t\t\t<div class=\"elementor-widget-container\">\n\t\t\t\t\t\t\t\t\t\t\t\t\t\t\t<img loading=\"lazy\" decoding=\"async\" width=\"70\" height=\"59\" src=\"https:\/\/syndesis.com\/wp-content\/uploads\/2023\/04\/Group-5.png\" class=\"attachment-full size-full wp-image-688\" alt=\"\" \/>\t\t\t\t\t\t\t\t\t\t\t\t\t\t\t<\/div>\n\t\t\t\t<\/div>\n\t\t\t\t\t<\/div>\n\t\t<\/div>\n\t\t\t\t<div class=\"elementor-column elementor-col-50 elementor-inner-column elementor-element elementor-element-5fd9ff7a\" data-id=\"5fd9ff7a\" data-element_type=\"column\" data-e-type=\"column\" data-settings=\"{&quot;background_background&quot;:&quot;classic&quot;}\">\n\t\t\t<div class=\"elementor-widget-wrap elementor-element-populated\">\n\t\t\t\t\t\t<div class=\"elementor-element elementor-element-24b6a2d2 elementor-widget elementor-widget-text-editor\" data-id=\"24b6a2d2\" data-element_type=\"widget\" data-e-type=\"widget\" data-widget_type=\"text-editor.default\">\n\t\t\t\t<div class=\"elementor-widget-container\">\n\t\t\t\t\t\t\t\t\t<p>Compare la eficacia de la terapia con la de la competencia en sus mercados objetivo.<\/p>\t\t\t\t\t\t\t\t<\/div>\n\t\t\t\t<\/div>\n\t\t\t\t\t<\/div>\n\t\t<\/div>\n\t\t\t\t\t<\/div>\n\t\t<\/section>\n\t\t\t\t\t<\/div>\n\t\t<\/div>\n\t\t\t\t\t<\/div>\n\t\t<\/section>\n\t\t\t\t<\/div>\n\t\t","protected":false},"excerpt":{"rendered":"<p>Ciencias de la vida Impulsar el progreso con evidencia real Las instituciones de ciencias de la vida, desde farmac\u00e9uticas hasta CROs(Contract Research Organizations) y de biotecnolog\u00eda, aprovechan nuestros datos de la vida real (RWE, real-world evidence) para acelerar su capacidad de ofrecer investigaci\u00f3n, productos y servicios de valora sus integrantes. Syndesis Health proporciona acceso seguro [&hellip;]<\/p>\n","protected":false},"author":1,"featured_media":0,"parent":0,"menu_order":0,"comment_status":"closed","ping_status":"closed","template":"","meta":{"content-type":"","footnotes":""},"class_list":["post-759","page","type-page","status-publish","hentry"],"yoast_head":"<!-- This site is optimized with the Yoast SEO plugin v27.6 - https:\/\/yoast.com\/product\/yoast-seo-wordpress\/ -->\n<title>High quality &amp; de-identified clinical data platform for Life Sciences | Syndesis<\/title>\n<meta name=\"description\" content=\"The Syndesis Health data platform collaborates with top life sciences firms globally to drive better research and create more valuable solutions\" \/>\n<meta name=\"robots\" content=\"index, follow, max-snippet:-1, max-image-preview:large, max-video-preview:-1\" \/>\n<link rel=\"canonical\" href=\"https:\/\/syndesis.com\/es\/life-sciences\/\" \/>\n<meta property=\"og:locale\" content=\"es_ES\" \/>\n<meta property=\"og:type\" content=\"article\" \/>\n<meta property=\"og:title\" content=\"High quality &amp; de-identified clinical data platform for Life Sciences | Syndesis\" \/>\n<meta property=\"og:description\" content=\"The Syndesis Health data platform collaborates with top life sciences firms globally to drive better research and create more valuable solutions\" \/>\n<meta property=\"og:url\" content=\"https:\/\/syndesis.com\/es\/life-sciences\/\" \/>\n<meta property=\"og:site_name\" content=\"Syndesis Health\" \/>\n<meta property=\"article:modified_time\" content=\"2023-08-18T19:07:52+00:00\" \/>\n<meta property=\"og:image\" content=\"https:\/\/syndesis.com\/wp-content\/uploads\/2023\/04\/Group-3-1.png\" \/>\n<meta name=\"twitter:card\" content=\"summary_large_image\" \/>\n<meta name=\"twitter:site\" content=\"@syndesis_health\" \/>\n<script type=\"application\/ld+json\" class=\"yoast-schema-graph\">{\"@context\":\"https:\\\/\\\/schema.org\",\"@graph\":[{\"@type\":\"WebPage\",\"@id\":\"https:\\\/\\\/syndesis.com\\\/es\\\/life-sciences\\\/\",\"url\":\"https:\\\/\\\/syndesis.com\\\/es\\\/life-sciences\\\/\",\"name\":\"High quality & de-identified clinical data platform for Life Sciences | Syndesis\",\"isPartOf\":{\"@id\":\"https:\\\/\\\/syndesis.com\\\/es\\\/#website\"},\"primaryImageOfPage\":{\"@id\":\"https:\\\/\\\/syndesis.com\\\/es\\\/life-sciences\\\/#primaryimage\"},\"image\":{\"@id\":\"https:\\\/\\\/syndesis.com\\\/es\\\/life-sciences\\\/#primaryimage\"},\"thumbnailUrl\":\"https:\\\/\\\/syndesis.com\\\/wp-content\\\/uploads\\\/2023\\\/04\\\/Group-3-1.png\",\"datePublished\":\"2023-03-20T17:26:40+00:00\",\"dateModified\":\"2023-08-18T19:07:52+00:00\",\"description\":\"The Syndesis Health data platform collaborates with top life sciences firms globally to drive better research and create more valuable solutions\",\"breadcrumb\":{\"@id\":\"https:\\\/\\\/syndesis.com\\\/es\\\/life-sciences\\\/#breadcrumb\"},\"inLanguage\":\"es\",\"potentialAction\":[{\"@type\":\"ReadAction\",\"target\":[\"https:\\\/\\\/syndesis.com\\\/es\\\/life-sciences\\\/\"]}]},{\"@type\":\"ImageObject\",\"inLanguage\":\"es\",\"@id\":\"https:\\\/\\\/syndesis.com\\\/es\\\/life-sciences\\\/#primaryimage\",\"url\":\"https:\\\/\\\/syndesis.com\\\/wp-content\\\/uploads\\\/2023\\\/04\\\/Group-3-1.png\",\"contentUrl\":\"https:\\\/\\\/syndesis.com\\\/wp-content\\\/uploads\\\/2023\\\/04\\\/Group-3-1.png\"},{\"@type\":\"BreadcrumbList\",\"@id\":\"https:\\\/\\\/syndesis.com\\\/es\\\/life-sciences\\\/#breadcrumb\",\"itemListElement\":[{\"@type\":\"ListItem\",\"position\":1,\"name\":\"Home\",\"item\":\"https:\\\/\\\/syndesis.com\\\/es\\\/\"},{\"@type\":\"ListItem\",\"position\":2,\"name\":\"Ciencias de la vida\"}]},{\"@type\":\"WebSite\",\"@id\":\"https:\\\/\\\/syndesis.com\\\/es\\\/#website\",\"url\":\"https:\\\/\\\/syndesis.com\\\/es\\\/\",\"name\":\"Syndesis Health\",\"description\":\"\",\"publisher\":{\"@id\":\"https:\\\/\\\/syndesis.com\\\/es\\\/#organization\"},\"potentialAction\":[{\"@type\":\"SearchAction\",\"target\":{\"@type\":\"EntryPoint\",\"urlTemplate\":\"https:\\\/\\\/syndesis.com\\\/es\\\/?s={search_term_string}\"},\"query-input\":{\"@type\":\"PropertyValueSpecification\",\"valueRequired\":true,\"valueName\":\"search_term_string\"}}],\"inLanguage\":\"es\"},{\"@type\":\"Organization\",\"@id\":\"https:\\\/\\\/syndesis.com\\\/es\\\/#organization\",\"name\":\"Syndesis Health\",\"url\":\"https:\\\/\\\/syndesis.com\\\/es\\\/\",\"logo\":{\"@type\":\"ImageObject\",\"inLanguage\":\"es\",\"@id\":\"https:\\\/\\\/syndesis.com\\\/es\\\/#\\\/schema\\\/logo\\\/image\\\/\",\"url\":\"https:\\\/\\\/syndesis.com\\\/wp-content\\\/uploads\\\/2023\\\/04\\\/Website-logo_4.25.png\",\"contentUrl\":\"https:\\\/\\\/syndesis.com\\\/wp-content\\\/uploads\\\/2023\\\/04\\\/Website-logo_4.25.png\",\"width\":673,\"height\":140,\"caption\":\"Syndesis Health\"},\"image\":{\"@id\":\"https:\\\/\\\/syndesis.com\\\/es\\\/#\\\/schema\\\/logo\\\/image\\\/\"},\"sameAs\":[\"https:\\\/\\\/x.com\\\/syndesis_health\",\"https:\\\/\\\/www.linkedin.com\\\/company\\\/syndesis-health\"]}]}<\/script>\n<!-- \/ Yoast SEO plugin. -->","yoast_head_json":{"title":"High quality & de-identified clinical data platform for Life Sciences | Syndesis","description":"The Syndesis Health data platform collaborates with top life sciences firms globally to drive better research and create more valuable solutions","robots":{"index":"index","follow":"follow","max-snippet":"max-snippet:-1","max-image-preview":"max-image-preview:large","max-video-preview":"max-video-preview:-1"},"canonical":"https:\/\/syndesis.com\/es\/life-sciences\/","og_locale":"es_ES","og_type":"article","og_title":"High quality & de-identified clinical data platform for Life Sciences | Syndesis","og_description":"The Syndesis Health data platform collaborates with top life sciences firms globally to drive better research and create more valuable solutions","og_url":"https:\/\/syndesis.com\/es\/life-sciences\/","og_site_name":"Syndesis Health","article_modified_time":"2023-08-18T19:07:52+00:00","og_image":[{"url":"https:\/\/syndesis.com\/wp-content\/uploads\/2023\/04\/Group-3-1.png","type":"","width":"","height":""}],"twitter_card":"summary_large_image","twitter_site":"@syndesis_health","schema":{"@context":"https:\/\/schema.org","@graph":[{"@type":"WebPage","@id":"https:\/\/syndesis.com\/es\/life-sciences\/","url":"https:\/\/syndesis.com\/es\/life-sciences\/","name":"High quality & de-identified clinical data platform for Life Sciences | Syndesis","isPartOf":{"@id":"https:\/\/syndesis.com\/es\/#website"},"primaryImageOfPage":{"@id":"https:\/\/syndesis.com\/es\/life-sciences\/#primaryimage"},"image":{"@id":"https:\/\/syndesis.com\/es\/life-sciences\/#primaryimage"},"thumbnailUrl":"https:\/\/syndesis.com\/wp-content\/uploads\/2023\/04\/Group-3-1.png","datePublished":"2023-03-20T17:26:40+00:00","dateModified":"2023-08-18T19:07:52+00:00","description":"The Syndesis Health data platform collaborates with top life sciences firms globally to drive better research and create more valuable solutions","breadcrumb":{"@id":"https:\/\/syndesis.com\/es\/life-sciences\/#breadcrumb"},"inLanguage":"es","potentialAction":[{"@type":"ReadAction","target":["https:\/\/syndesis.com\/es\/life-sciences\/"]}]},{"@type":"ImageObject","inLanguage":"es","@id":"https:\/\/syndesis.com\/es\/life-sciences\/#primaryimage","url":"https:\/\/syndesis.com\/wp-content\/uploads\/2023\/04\/Group-3-1.png","contentUrl":"https:\/\/syndesis.com\/wp-content\/uploads\/2023\/04\/Group-3-1.png"},{"@type":"BreadcrumbList","@id":"https:\/\/syndesis.com\/es\/life-sciences\/#breadcrumb","itemListElement":[{"@type":"ListItem","position":1,"name":"Home","item":"https:\/\/syndesis.com\/es\/"},{"@type":"ListItem","position":2,"name":"Ciencias de la vida"}]},{"@type":"WebSite","@id":"https:\/\/syndesis.com\/es\/#website","url":"https:\/\/syndesis.com\/es\/","name":"Syndesis Health","description":"","publisher":{"@id":"https:\/\/syndesis.com\/es\/#organization"},"potentialAction":[{"@type":"SearchAction","target":{"@type":"EntryPoint","urlTemplate":"https:\/\/syndesis.com\/es\/?s={search_term_string}"},"query-input":{"@type":"PropertyValueSpecification","valueRequired":true,"valueName":"search_term_string"}}],"inLanguage":"es"},{"@type":"Organization","@id":"https:\/\/syndesis.com\/es\/#organization","name":"Syndesis Health","url":"https:\/\/syndesis.com\/es\/","logo":{"@type":"ImageObject","inLanguage":"es","@id":"https:\/\/syndesis.com\/es\/#\/schema\/logo\/image\/","url":"https:\/\/syndesis.com\/wp-content\/uploads\/2023\/04\/Website-logo_4.25.png","contentUrl":"https:\/\/syndesis.com\/wp-content\/uploads\/2023\/04\/Website-logo_4.25.png","width":673,"height":140,"caption":"Syndesis Health"},"image":{"@id":"https:\/\/syndesis.com\/es\/#\/schema\/logo\/image\/"},"sameAs":["https:\/\/x.com\/syndesis_health","https:\/\/www.linkedin.com\/company\/syndesis-health"]}]}},"_links":{"self":[{"href":"https:\/\/syndesis.com\/es\/wp-json\/wp\/v2\/pages\/759","targetHints":{"allow":["GET"]}}],"collection":[{"href":"https:\/\/syndesis.com\/es\/wp-json\/wp\/v2\/pages"}],"about":[{"href":"https:\/\/syndesis.com\/es\/wp-json\/wp\/v2\/types\/page"}],"author":[{"embeddable":true,"href":"https:\/\/syndesis.com\/es\/wp-json\/wp\/v2\/users\/1"}],"replies":[{"embeddable":true,"href":"https:\/\/syndesis.com\/es\/wp-json\/wp\/v2\/comments?post=759"}],"version-history":[{"count":0,"href":"https:\/\/syndesis.com\/es\/wp-json\/wp\/v2\/pages\/759\/revisions"}],"wp:attachment":[{"href":"https:\/\/syndesis.com\/es\/wp-json\/wp\/v2\/media?parent=759"}],"curies":[{"name":"wp","href":"https:\/\/api.w.org\/{rel}","templated":true}]}}