{"id":822,"date":"2022-10-26T22:15:23","date_gmt":"2022-10-26T22:15:23","guid":{"rendered":"https:\/\/syndesisdev.wpengine.com\/contacte-con\/"},"modified":"2023-09-26T15:22:59","modified_gmt":"2023-09-26T15:22:59","slug":"contactenos","status":"publish","type":"page","link":"https:\/\/syndesis.com\/es\/contactenos\/","title":{"rendered":"Cont\u00e1ctenos"},"content":{"rendered":"\t\t<div data-elementor-type=\"wp-page\" data-elementor-id=\"822\" class=\"elementor elementor-822 elementor-69\" data-elementor-post-type=\"page\">\n\t\t\t\t\t\t<section class=\"elementor-section elementor-top-section elementor-element elementor-element-e1c18fc elementor-section-full_width elementor-section-height-min-height elementor-section-height-default elementor-section-items-middle\" data-id=\"e1c18fc\" data-element_type=\"section\" data-e-type=\"section\" data-settings=\"{&quot;background_background&quot;:&quot;classic&quot;}\">\n\t\t\t\t\t\t<div class=\"elementor-container elementor-column-gap-default\">\n\t\t\t\t\t<div class=\"elementor-column elementor-col-100 elementor-top-column elementor-element elementor-element-1ffe06d\" data-id=\"1ffe06d\" data-element_type=\"column\" data-e-type=\"column\">\n\t\t\t<div class=\"elementor-widget-wrap\">\n\t\t\t\t\t\t\t<\/div>\n\t\t<\/div>\n\t\t\t\t\t<\/div>\n\t\t<\/section>\n\t\t\t\t<section class=\"elementor-section elementor-top-section elementor-element elementor-element-40f2b5a  cont-col elementor-section-boxed elementor-section-height-default elementor-section-height-default\" data-id=\"40f2b5a\" data-element_type=\"section\" data-e-type=\"section\">\n\t\t\t\t\t\t<div class=\"elementor-container elementor-column-gap-default\">\n\t\t\t\t\t<div class=\"elementor-column elementor-col-50 elementor-top-column elementor-element elementor-element-7a48e1e form-col\" data-id=\"7a48e1e\" data-element_type=\"column\" data-e-type=\"column\">\n\t\t\t<div class=\"elementor-widget-wrap elementor-element-populated\">\n\t\t\t\t\t\t<div class=\"elementor-element elementor-element-d89ad3c elementor-widget elementor-widget-heading\" data-id=\"d89ad3c\" data-element_type=\"widget\" data-e-type=\"widget\" data-widget_type=\"heading.default\">\n\t\t\t\t<div class=\"elementor-widget-container\">\n\t\t\t\t\t<h2 class=\"elementor-heading-title elementor-size-default\">Cont\u00e1ctenos<\/h2>\t\t\t\t<\/div>\n\t\t\t\t<\/div>\n\t\t\t\t<div class=\"elementor-element elementor-element-43033c6 elementor-widget elementor-widget-heading\" data-id=\"43033c6\" data-element_type=\"widget\" data-e-type=\"widget\" data-widget_type=\"heading.default\">\n\t\t\t\t<div class=\"elementor-widget-container\">\n\t\t\t\t\t<p class=\"elementor-heading-title elementor-size-default\">P\u00f3ngase en contacto con nosotros<\/p>\t\t\t\t<\/div>\n\t\t\t\t<\/div>\n\t\t\t\t<div class=\"elementor-element elementor-element-695c8fd elementor-widget elementor-widget-shortcode\" data-id=\"695c8fd\" data-element_type=\"widget\" data-e-type=\"widget\" data-widget_type=\"shortcode.default\">\n\t\t\t\t<div class=\"elementor-widget-container\">\n\t\t\t\t\t\t\t<div class=\"elementor-shortcode\">\n\t\t\t\t\t\t<script>\n\t\t\t\t\t\t\twindow.hsFormsOnReady = window.hsFormsOnReady || [];\n\t\t\t\t\t\t\twindow.hsFormsOnReady.push(()=>{\n\t\t\t\t\t\t\t\thbspt.forms.create({\n\t\t\t\t\t\t\t\t\tportalId: 23624862,\n\t\t\t\t\t\t\t\t\tformId: \"446b0e95-9e3b-4bb2-94f1-4f6ac112b609\",\n\t\t\t\t\t\t\t\t\ttarget: \"#hbspt-form-1775553093000-4363248827\",\n\t\t\t\t\t\t\t\t\tregion: \"na1\",\n\t\t\t\t\t\t\t\t\t\n\t\t\t\t\t\t\t})});\n\t\t\t\t\t\t<\/script>\n\t\t\t\t\t\t<div class=\"hbspt-form\" id=\"hbspt-form-1775553093000-4363248827\"><\/div><\/div>\n\t\t\t\t\t\t<\/div>\n\t\t\t\t<\/div>\n\t\t\t\t\t<\/div>\n\t\t<\/div>\n\t\t\t\t<div class=\"elementor-column elementor-col-50 elementor-top-column elementor-element elementor-element-61cab78 addres-col\" data-id=\"61cab78\" data-element_type=\"column\" data-e-type=\"column\" data-settings=\"{&quot;background_background&quot;:&quot;classic&quot;}\">\n\t\t\t<div class=\"elementor-widget-wrap elementor-element-populated\">\n\t\t\t\t\t\t<div class=\"elementor-element elementor-element-3ce2aa4 no-m elementor-widget elementor-widget-heading\" data-id=\"3ce2aa4\" data-element_type=\"widget\" data-e-type=\"widget\" data-widget_type=\"heading.default\">\n\t\t\t\t<div class=\"elementor-widget-container\">\n\t\t\t\t\t<p class=\"elementor-heading-title elementor-size-default\">Oficinas<\/p>\t\t\t\t<\/div>\n\t\t\t\t<\/div>\n\t\t\t\t<div class=\"elementor-element elementor-element-679dbca pt-40 elementor-widget elementor-widget-heading\" data-id=\"679dbca\" data-element_type=\"widget\" data-e-type=\"widget\" data-widget_type=\"heading.default\">\n\t\t\t\t<div class=\"elementor-widget-container\">\n\t\t\t\t\t<h4 class=\"elementor-heading-title elementor-size-default\">Florida<\/h4>\t\t\t\t<\/div>\n\t\t\t\t<\/div>\n\t\t\t\t<div class=\"elementor-element elementor-element-7cd1a5b no-m elementor-widget elementor-widget-heading\" data-id=\"7cd1a5b\" data-element_type=\"widget\" data-e-type=\"widget\" data-widget_type=\"heading.default\">\n\t\t\t\t<div class=\"elementor-widget-container\">\n\t\t\t\t\t<p class=\"elementor-heading-title elementor-size-default\">2000 PGA Blvd <br>\nSuite 4400<br>\nPalm Beach Gardens, FL 33408<br>\nESTADOS UNIDOS<\/p>\t\t\t\t<\/div>\n\t\t\t\t<\/div>\n\t\t\t\t<div class=\"elementor-element elementor-element-a2b6f16 pt-40 elementor-widget elementor-widget-heading\" data-id=\"a2b6f16\" data-element_type=\"widget\" data-e-type=\"widget\" data-widget_type=\"heading.default\">\n\t\t\t\t<div class=\"elementor-widget-container\">\n\t\t\t\t\t<h4 class=\"elementor-heading-title elementor-size-default\">Nueva York  <\/h4>\t\t\t\t<\/div>\n\t\t\t\t<\/div>\n\t\t\t\t<div class=\"elementor-element elementor-element-32bd932 no-m elementor-widget elementor-widget-heading\" data-id=\"32bd932\" data-element_type=\"widget\" data-e-type=\"widget\" data-widget_type=\"heading.default\">\n\t\t\t\t<div class=\"elementor-widget-container\">\n\t\t\t\t\t<p class=\"elementor-heading-title elementor-size-default\">535 Quinta Avenida<br>\n4\u00aa planta<br>\nNueva York, NY 10017<br>\nESTADOS UNIDOS\n<\/p>\t\t\t\t<\/div>\n\t\t\t\t<\/div>\n\t\t\t\t<div class=\"elementor-element elementor-element-372392a pt-40 elementor-widget elementor-widget-heading\" data-id=\"372392a\" data-element_type=\"widget\" data-e-type=\"widget\" data-widget_type=\"heading.default\">\n\t\t\t\t<div class=\"elementor-widget-container\">\n\t\t\t\t\t<h4 class=\"elementor-heading-title elementor-size-default\">Kuala Lumpur  <\/h4>\t\t\t\t<\/div>\n\t\t\t\t<\/div>\n\t\t\t\t<div class=\"elementor-element elementor-element-fba57e9 no-m elementor-widget elementor-widget-heading\" data-id=\"fba57e9\" data-element_type=\"widget\" data-e-type=\"widget\" data-widget_type=\"heading.default\">\n\t\t\t\t<div class=\"elementor-widget-container\">\n\t\t\t\t\t<p class=\"elementor-heading-title elementor-size-default\">Unidad 5.02<br>\nChangkat Semantan<br>\nDamansara Heights<br>\n50490 Kuala Lumpur<br>\nMALASIA<\/p>\t\t\t\t<\/div>\n\t\t\t\t<\/div>\n\t\t\t\t<div class=\"elementor-element elementor-element-0f1c0fc pt-40 elementor-widget elementor-widget-heading\" data-id=\"0f1c0fc\" data-element_type=\"widget\" data-e-type=\"widget\" data-widget_type=\"heading.default\">\n\t\t\t\t<div class=\"elementor-widget-container\">\n\t\t\t\t\t<h4 class=\"elementor-heading-title elementor-size-default\">Singapur<\/h4>\t\t\t\t<\/div>\n\t\t\t\t<\/div>\n\t\t\t\t<div class=\"elementor-element elementor-element-16ab211 no-m elementor-widget elementor-widget-heading\" data-id=\"16ab211\" data-element_type=\"widget\" data-e-type=\"widget\" data-widget_type=\"heading.default\">\n\t\t\t\t<div class=\"elementor-widget-container\">\n\t\t\t\t\t<p class=\"elementor-heading-title elementor-size-default\">Nivel 37<br>\nCentro Financiero Ocean<br>\n11 Collyer Quay 049315<br>\nSINGAPUR<\/p>\t\t\t\t<\/div>\n\t\t\t\t<\/div>\n\t\t\t\t\t<\/div>\n\t\t<\/div>\n\t\t\t\t\t<\/div>\n\t\t<\/section>\n\t\t\t\t<\/div>\n\t\t","protected":false},"excerpt":{"rendered":"<p>Cont\u00e1ctenos P\u00f3ngase en contacto con nosotros Oficinas Florida 2000 PGA Blvd Suite 4400 Palm Beach Gardens, FL 33408 ESTADOS UNIDOS Nueva York 535 Quinta Avenida 4\u00aa planta Nueva York, NY 10017 ESTADOS UNIDOS Kuala Lumpur Unidad 5.02 Changkat Semantan Damansara Heights 50490 Kuala Lumpur MALASIA Singapur Nivel 37 Centro Financiero Ocean 11 Collyer Quay 049315 [&hellip;]<\/p>\n","protected":false},"author":1,"featured_media":0,"parent":0,"menu_order":0,"comment_status":"closed","ping_status":"closed","template":"","meta":{"content-type":"","footnotes":""},"class_list":["post-822","page","type-page","status-publish","hentry"],"yoast_head":"<!-- This site is optimized with the Yoast SEO plugin v27.3 - https:\/\/yoast.com\/product\/yoast-seo-wordpress\/ -->\n<title>Cont\u00e1ctenos - Syndesis Health<\/title>\n<meta name=\"robots\" content=\"index, follow, max-snippet:-1, max-image-preview:large, max-video-preview:-1\" \/>\n<link rel=\"canonical\" href=\"https:\/\/syndesis.com\/es\/contactenos\/\" \/>\n<meta property=\"og:locale\" content=\"es_ES\" \/>\n<meta property=\"og:type\" content=\"article\" \/>\n<meta property=\"og:title\" content=\"Cont\u00e1ctenos - Syndesis Health\" \/>\n<meta property=\"og:description\" content=\"Cont\u00e1ctenos P\u00f3ngase en contacto con nosotros Oficinas Florida 2000 PGA Blvd Suite 4400 Palm Beach Gardens, FL 33408 ESTADOS UNIDOS Nueva York 535 Quinta Avenida 4\u00aa planta Nueva York, NY 10017 ESTADOS UNIDOS Kuala Lumpur Unidad 5.02 Changkat Semantan Damansara Heights 50490 Kuala Lumpur MALASIA Singapur Nivel 37 Centro Financiero Ocean 11 Collyer Quay 049315 [&hellip;]\" \/>\n<meta property=\"og:url\" content=\"https:\/\/syndesis.com\/es\/contactenos\/\" \/>\n<meta property=\"og:site_name\" content=\"Syndesis Health\" \/>\n<meta property=\"article:modified_time\" content=\"2023-09-26T15:22:59+00:00\" \/>\n<meta name=\"twitter:card\" content=\"summary_large_image\" \/>\n<meta name=\"twitter:site\" content=\"@syndesis_health\" \/>\n<script type=\"application\/ld+json\" class=\"yoast-schema-graph\">{\"@context\":\"https:\\\/\\\/schema.org\",\"@graph\":[{\"@type\":\"WebPage\",\"@id\":\"https:\\\/\\\/syndesis.com\\\/es\\\/contactenos\\\/\",\"url\":\"https:\\\/\\\/syndesis.com\\\/es\\\/contactenos\\\/\",\"name\":\"Cont\u00e1ctenos - Syndesis Health\",\"isPartOf\":{\"@id\":\"https:\\\/\\\/syndesis.com\\\/es\\\/#website\"},\"datePublished\":\"2022-10-26T22:15:23+00:00\",\"dateModified\":\"2023-09-26T15:22:59+00:00\",\"breadcrumb\":{\"@id\":\"https:\\\/\\\/syndesis.com\\\/es\\\/contactenos\\\/#breadcrumb\"},\"inLanguage\":\"es\",\"potentialAction\":[{\"@type\":\"ReadAction\",\"target\":[\"https:\\\/\\\/syndesis.com\\\/es\\\/contactenos\\\/\"]}]},{\"@type\":\"BreadcrumbList\",\"@id\":\"https:\\\/\\\/syndesis.com\\\/es\\\/contactenos\\\/#breadcrumb\",\"itemListElement\":[{\"@type\":\"ListItem\",\"position\":1,\"name\":\"Home\",\"item\":\"https:\\\/\\\/syndesis.com\\\/es\\\/\"},{\"@type\":\"ListItem\",\"position\":2,\"name\":\"Cont\u00e1ctenos\"}]},{\"@type\":\"WebSite\",\"@id\":\"https:\\\/\\\/syndesis.com\\\/es\\\/#website\",\"url\":\"https:\\\/\\\/syndesis.com\\\/es\\\/\",\"name\":\"Syndesis Health\",\"description\":\"\",\"publisher\":{\"@id\":\"https:\\\/\\\/syndesis.com\\\/es\\\/#organization\"},\"potentialAction\":[{\"@type\":\"SearchAction\",\"target\":{\"@type\":\"EntryPoint\",\"urlTemplate\":\"https:\\\/\\\/syndesis.com\\\/es\\\/?s={search_term_string}\"},\"query-input\":{\"@type\":\"PropertyValueSpecification\",\"valueRequired\":true,\"valueName\":\"search_term_string\"}}],\"inLanguage\":\"es\"},{\"@type\":\"Organization\",\"@id\":\"https:\\\/\\\/syndesis.com\\\/es\\\/#organization\",\"name\":\"Syndesis Health\",\"url\":\"https:\\\/\\\/syndesis.com\\\/es\\\/\",\"logo\":{\"@type\":\"ImageObject\",\"inLanguage\":\"es\",\"@id\":\"https:\\\/\\\/syndesis.com\\\/es\\\/#\\\/schema\\\/logo\\\/image\\\/\",\"url\":\"https:\\\/\\\/syndesis.com\\\/wp-content\\\/uploads\\\/2023\\\/04\\\/Website-logo_4.25.png\",\"contentUrl\":\"https:\\\/\\\/syndesis.com\\\/wp-content\\\/uploads\\\/2023\\\/04\\\/Website-logo_4.25.png\",\"width\":673,\"height\":140,\"caption\":\"Syndesis Health\"},\"image\":{\"@id\":\"https:\\\/\\\/syndesis.com\\\/es\\\/#\\\/schema\\\/logo\\\/image\\\/\"},\"sameAs\":[\"https:\\\/\\\/x.com\\\/syndesis_health\",\"https:\\\/\\\/www.linkedin.com\\\/company\\\/syndesis-health\"]}]}<\/script>\n<!-- \/ Yoast SEO plugin. -->","yoast_head_json":{"title":"Cont\u00e1ctenos - Syndesis Health","robots":{"index":"index","follow":"follow","max-snippet":"max-snippet:-1","max-image-preview":"max-image-preview:large","max-video-preview":"max-video-preview:-1"},"canonical":"https:\/\/syndesis.com\/es\/contactenos\/","og_locale":"es_ES","og_type":"article","og_title":"Cont\u00e1ctenos - Syndesis Health","og_description":"Cont\u00e1ctenos P\u00f3ngase en contacto con nosotros Oficinas Florida 2000 PGA Blvd Suite 4400 Palm Beach Gardens, FL 33408 ESTADOS UNIDOS Nueva York 535 Quinta Avenida 4\u00aa planta Nueva York, NY 10017 ESTADOS UNIDOS Kuala Lumpur Unidad 5.02 Changkat Semantan Damansara Heights 50490 Kuala Lumpur MALASIA Singapur Nivel 37 Centro Financiero Ocean 11 Collyer Quay 049315 [&hellip;]","og_url":"https:\/\/syndesis.com\/es\/contactenos\/","og_site_name":"Syndesis Health","article_modified_time":"2023-09-26T15:22:59+00:00","twitter_card":"summary_large_image","twitter_site":"@syndesis_health","schema":{"@context":"https:\/\/schema.org","@graph":[{"@type":"WebPage","@id":"https:\/\/syndesis.com\/es\/contactenos\/","url":"https:\/\/syndesis.com\/es\/contactenos\/","name":"Cont\u00e1ctenos - Syndesis Health","isPartOf":{"@id":"https:\/\/syndesis.com\/es\/#website"},"datePublished":"2022-10-26T22:15:23+00:00","dateModified":"2023-09-26T15:22:59+00:00","breadcrumb":{"@id":"https:\/\/syndesis.com\/es\/contactenos\/#breadcrumb"},"inLanguage":"es","potentialAction":[{"@type":"ReadAction","target":["https:\/\/syndesis.com\/es\/contactenos\/"]}]},{"@type":"BreadcrumbList","@id":"https:\/\/syndesis.com\/es\/contactenos\/#breadcrumb","itemListElement":[{"@type":"ListItem","position":1,"name":"Home","item":"https:\/\/syndesis.com\/es\/"},{"@type":"ListItem","position":2,"name":"Cont\u00e1ctenos"}]},{"@type":"WebSite","@id":"https:\/\/syndesis.com\/es\/#website","url":"https:\/\/syndesis.com\/es\/","name":"Syndesis Health","description":"","publisher":{"@id":"https:\/\/syndesis.com\/es\/#organization"},"potentialAction":[{"@type":"SearchAction","target":{"@type":"EntryPoint","urlTemplate":"https:\/\/syndesis.com\/es\/?s={search_term_string}"},"query-input":{"@type":"PropertyValueSpecification","valueRequired":true,"valueName":"search_term_string"}}],"inLanguage":"es"},{"@type":"Organization","@id":"https:\/\/syndesis.com\/es\/#organization","name":"Syndesis Health","url":"https:\/\/syndesis.com\/es\/","logo":{"@type":"ImageObject","inLanguage":"es","@id":"https:\/\/syndesis.com\/es\/#\/schema\/logo\/image\/","url":"https:\/\/syndesis.com\/wp-content\/uploads\/2023\/04\/Website-logo_4.25.png","contentUrl":"https:\/\/syndesis.com\/wp-content\/uploads\/2023\/04\/Website-logo_4.25.png","width":673,"height":140,"caption":"Syndesis Health"},"image":{"@id":"https:\/\/syndesis.com\/es\/#\/schema\/logo\/image\/"},"sameAs":["https:\/\/x.com\/syndesis_health","https:\/\/www.linkedin.com\/company\/syndesis-health"]}]}},"_links":{"self":[{"href":"https:\/\/syndesis.com\/es\/wp-json\/wp\/v2\/pages\/822","targetHints":{"allow":["GET"]}}],"collection":[{"href":"https:\/\/syndesis.com\/es\/wp-json\/wp\/v2\/pages"}],"about":[{"href":"https:\/\/syndesis.com\/es\/wp-json\/wp\/v2\/types\/page"}],"author":[{"embeddable":true,"href":"https:\/\/syndesis.com\/es\/wp-json\/wp\/v2\/users\/1"}],"replies":[{"embeddable":true,"href":"https:\/\/syndesis.com\/es\/wp-json\/wp\/v2\/comments?post=822"}],"version-history":[{"count":0,"href":"https:\/\/syndesis.com\/es\/wp-json\/wp\/v2\/pages\/822\/revisions"}],"wp:attachment":[{"href":"https:\/\/syndesis.com\/es\/wp-json\/wp\/v2\/media?parent=822"}],"curies":[{"name":"wp","href":"https:\/\/api.w.org\/{rel}","templated":true}]}}