{"id":1280,"date":"2022-10-26T18:36:07","date_gmt":"2022-10-26T18:36:07","guid":{"rendered":"https:\/\/syndesisdev.wpengine.com\/seguranca-de-dados\/"},"modified":"2024-01-04T19:45:59","modified_gmt":"2024-01-04T19:45:59","slug":"seguranca-de-dados","status":"publish","type":"page","link":"https:\/\/syndesis.com\/pt-br\/seguranca-de-dados\/","title":{"rendered":"Seguran\u00e7a de dados"},"content":{"rendered":"\t\t<div data-elementor-type=\"wp-page\" data-elementor-id=\"1280\" class=\"elementor elementor-1280 elementor-62\" data-elementor-post-type=\"page\">\n\t\t\t\t\t\t<section class=\"elementor-section elementor-top-section elementor-element elementor-element-ccf14bc p-lr pt-70 pb-70 elementor-section-boxed elementor-section-height-default elementor-section-height-default\" data-id=\"ccf14bc\" data-element_type=\"section\" data-e-type=\"section\">\n\t\t\t\t\t\t<div class=\"elementor-container elementor-column-gap-default\">\n\t\t\t\t\t<div class=\"elementor-column elementor-col-100 elementor-top-column elementor-element elementor-element-b6e1c12\" data-id=\"b6e1c12\" data-element_type=\"column\" data-e-type=\"column\">\n\t\t\t<div class=\"elementor-widget-wrap elementor-element-populated\">\n\t\t\t\t\t\t<div class=\"elementor-element elementor-element-5cfd8cb elementor-widget elementor-widget-heading\" data-id=\"5cfd8cb\" data-element_type=\"widget\" data-e-type=\"widget\" data-widget_type=\"heading.default\">\n\t\t\t\t<div class=\"elementor-widget-container\">\n\t\t\t\t\t<h1 class=\"elementor-heading-title elementor-size-default\">Seguran\u00e7a, privacidade e \u00e9tica<\/h1>\t\t\t\t<\/div>\n\t\t\t\t<\/div>\n\t\t\t\t\t<\/div>\n\t\t<\/div>\n\t\t\t\t\t<\/div>\n\t\t<\/section>\n\t\t\t\t<section class=\"elementor-section elementor-top-section elementor-element elementor-element-284b599 pb-40 p-lr elementor-section-boxed elementor-section-height-default elementor-section-height-default\" data-id=\"284b599\" data-element_type=\"section\" data-e-type=\"section\">\n\t\t\t\t\t\t<div class=\"elementor-container elementor-column-gap-default\">\n\t\t\t\t\t<div class=\"elementor-column elementor-col-100 elementor-top-column elementor-element elementor-element-4109946\" data-id=\"4109946\" data-element_type=\"column\" data-e-type=\"column\">\n\t\t\t<div class=\"elementor-widget-wrap elementor-element-populated\">\n\t\t\t\t\t\t<div class=\"elementor-element elementor-element-153f0bc no-p no-m elementor-widget elementor-widget-text-editor\" data-id=\"153f0bc\" data-element_type=\"widget\" data-e-type=\"widget\" data-widget_type=\"text-editor.default\">\n\t\t\t\t<div class=\"elementor-widget-container\">\n\t\t\t\t\t\t\t\t\t<p><span style=\"color: #000000;\">A Syndesis Health<\/span> leva muito a s\u00e9rio a seguran\u00e7a, a privacidade e o uso \u00e9tico dos dados. Entendemos e reconhecemos a import\u00e2ncia da prote\u00e7\u00e3o e da privacidade dos dados para nossos parceiros hospitalares e outros participantes da <span style=\"color: #000000;\">Syndesis Health Network<\/span>.<\/p>\n\t\t\t\t\t\t\t\t<\/div>\n\t\t\t\t<\/div>\n\t\t\t\t\t<\/div>\n\t\t<\/div>\n\t\t\t\t\t<\/div>\n\t\t<\/section>\n\t\t\t\t<section class=\"elementor-section elementor-top-section elementor-element elementor-element-869754c p-lr pb-40 pt-40 elementor-section-content-middle elementor-section-boxed elementor-section-height-default elementor-section-height-default\" data-id=\"869754c\" data-element_type=\"section\" data-e-type=\"section\" data-settings=\"{&quot;background_background&quot;:&quot;classic&quot;}\">\n\t\t\t\t\t\t<div class=\"elementor-container elementor-column-gap-default\">\n\t\t\t\t\t<div class=\"elementor-column elementor-col-100 elementor-top-column elementor-element elementor-element-9f83a30\" data-id=\"9f83a30\" data-element_type=\"column\" data-e-type=\"column\">\n\t\t\t<div class=\"elementor-widget-wrap elementor-element-populated\">\n\t\t\t\t\t\t<div class=\"elementor-element elementor-element-6a246ff elementor-widget elementor-widget-heading\" data-id=\"6a246ff\" data-element_type=\"widget\" data-e-type=\"widget\" data-widget_type=\"heading.default\">\n\t\t\t\t<div class=\"elementor-widget-container\">\n\t\t\t\t\t<h5 class=\"elementor-heading-title elementor-size-xl\">Nossos processos e uso de tecnologia s\u00e3o projetados com uma mentalidade de \"seguran\u00e7a e privacidade em primeiro lugar\", conforme todas as leis e regulamentos aplic\u00e1veis nas v\u00e1rias jurisdi\u00e7\u00f5es em que operamos globalmente. <\/h5>\t\t\t\t<\/div>\n\t\t\t\t<\/div>\n\t\t\t\t\t<\/div>\n\t\t<\/div>\n\t\t\t\t\t<\/div>\n\t\t<\/section>\n\t\t\t\t<section class=\"elementor-section elementor-top-section elementor-element elementor-element-00aaf7b p-lr pt-40 pb-40 elementor-section-boxed elementor-section-height-default elementor-section-height-default\" data-id=\"00aaf7b\" data-element_type=\"section\" data-e-type=\"section\">\n\t\t\t\t\t\t<div class=\"elementor-container elementor-column-gap-default\">\n\t\t\t\t\t<div class=\"elementor-column elementor-col-100 elementor-top-column elementor-element elementor-element-d2e3037\" data-id=\"d2e3037\" data-element_type=\"column\" data-e-type=\"column\">\n\t\t\t<div class=\"elementor-widget-wrap elementor-element-populated\">\n\t\t\t\t\t\t<div class=\"elementor-element elementor-element-be730d7 elementor-widget elementor-widget-text-editor\" data-id=\"be730d7\" data-element_type=\"widget\" data-e-type=\"widget\" data-widget_type=\"text-editor.default\">\n\t\t\t\t<div class=\"elementor-widget-container\">\n\t\t\t\t\t\t\t\t\t<p>O acesso \u00e0 Syndesis Health Network, \u00e0 Syntium e aos dados e aplicativos dispon\u00edveis por meio dela \u00e9 fornecido com controles de seguran\u00e7a rigorosos, conforme as melhores pr\u00e1ticas do setor. Somente participantes autorizados t\u00eam permiss\u00e3o para acessar a Syndesis Health Network, e somente eles podem acessar dados de sa\u00fade n\u00e3o identificados para casos de uso autorizados. <\/p>\n\t\t\t\t\t\t\t\t<\/div>\n\t\t\t\t<\/div>\n\t\t\t\t<div class=\"elementor-element elementor-element-e6317c1 elementor-widget elementor-widget-text-editor\" data-id=\"e6317c1\" data-element_type=\"widget\" data-e-type=\"widget\" data-widget_type=\"text-editor.default\">\n\t\t\t\t<div class=\"elementor-widget-container\">\n\t\t\t\t\t\t\t\t\t<p>A Syndesis Health segue ou excede as melhores pr\u00e1ticas do setor em seguran\u00e7a cibern\u00e9tica, implementando os melhores controles da categoria em rela\u00e7\u00e3o ao nosso pessoal, processos, dados e tecnologia. As informa\u00e7\u00f5es de sa\u00fade e de clientes s\u00e3o protegidas com criptografia de n\u00edvel governamental e controles de acesso. Os nossos esfor\u00e7os para melhorar as nossas capacidades de seguran\u00e7a cibern\u00e9tica e privacidade s\u00e3o um exerc\u00edcio cont\u00ednuo, aproveitando as tecnologias e os processos mais eficazes.  <\/p>\n\t\t\t\t\t\t\t\t<\/div>\n\t\t\t\t<\/div>\n\t\t\t\t\t<\/div>\n\t\t<\/div>\n\t\t\t\t\t<\/div>\n\t\t<\/section>\n\t\t\t\t<section class=\"elementor-section elementor-top-section elementor-element elementor-element-ca9b3f1 elementor-section-height-min-height elementor-section-boxed elementor-section-height-default elementor-section-items-middle\" data-id=\"ca9b3f1\" data-element_type=\"section\" data-e-type=\"section\" data-settings=\"{&quot;background_background&quot;:&quot;classic&quot;}\">\n\t\t\t\t\t\t<div class=\"elementor-container elementor-column-gap-default\">\n\t\t\t\t\t<div class=\"elementor-column elementor-col-100 elementor-top-column elementor-element elementor-element-f5efd7c\" data-id=\"f5efd7c\" data-element_type=\"column\" data-e-type=\"column\">\n\t\t\t<div class=\"elementor-widget-wrap\">\n\t\t\t\t\t\t\t<\/div>\n\t\t<\/div>\n\t\t\t\t\t<\/div>\n\t\t<\/section>\n\t\t\t\t<section class=\"elementor-section elementor-top-section elementor-element elementor-element-1025c64 p-lr pt-40 pb-40 elementor-section-boxed elementor-section-height-default elementor-section-height-default\" data-id=\"1025c64\" data-element_type=\"section\" data-e-type=\"section\">\n\t\t\t\t\t\t<div class=\"elementor-container elementor-column-gap-default\">\n\t\t\t\t\t<div class=\"elementor-column elementor-col-100 elementor-top-column elementor-element elementor-element-937fde0\" data-id=\"937fde0\" data-element_type=\"column\" data-e-type=\"column\">\n\t\t\t<div class=\"elementor-widget-wrap elementor-element-populated\">\n\t\t\t\t\t\t<div class=\"elementor-element elementor-element-748f3ad elementor-widget elementor-widget-text-editor\" data-id=\"748f3ad\" data-element_type=\"widget\" data-e-type=\"widget\" data-widget_type=\"text-editor.default\">\n\t\t\t\t<div class=\"elementor-widget-container\">\n\t\t\t\t\t\t\t\t\t<p>Estamos incorporando proativamente a governan\u00e7a \u00e9tica em toda a nossa infraestrutura de dados usando uma variedade de pr\u00e1ticas recomendadas e ferramentas, incluindo a estrutura Data Ethics Canvas desenvolvida pelo Open Data Institute, l\u00edder global em \u00e9tica de dados e IA. <\/p>\n\t\t\t\t\t\t\t\t<\/div>\n\t\t\t\t<\/div>\n\t\t\t\t<div class=\"elementor-element elementor-element-a4bdb71 elementor-widget elementor-widget-text-editor\" data-id=\"a4bdb71\" data-element_type=\"widget\" data-e-type=\"widget\" data-widget_type=\"text-editor.default\">\n\t\t\t\t<div class=\"elementor-widget-container\">\n\t\t\t\t\t\t\t\t\t<p>A Syndesis Health entende o potencial de pesquisas inovadoras e dados do mundo real para melhorar os resultados globais de sa\u00fade. Nossa equipe est\u00e1 comprometida em garantir a integra\u00e7\u00e3o e o uso adequados dos ativos de dados por meio da nossa plataforma, conforme todos os regulamentos e leis. <\/p>\n\t\t\t\t\t\t\t\t<\/div>\n\t\t\t\t<\/div>\n\t\t\t\t\t<\/div>\n\t\t<\/div>\n\t\t\t\t\t<\/div>\n\t\t<\/section>\n\t\t\t\t<\/div>\n\t\t","protected":false},"excerpt":{"rendered":"<p>Seguran\u00e7a, privacidade e \u00e9tica A Syndesis Health leva muito a s\u00e9rio a seguran\u00e7a, a privacidade e o uso \u00e9tico dos dados. Entendemos e reconhecemos a import\u00e2ncia da prote\u00e7\u00e3o e da privacidade dos dados para nossos parceiros hospitalares e outros participantes da Syndesis Health Network. Nossos processos e uso de tecnologia s\u00e3o projetados com uma mentalidade [&hellip;]<\/p>\n","protected":false},"author":1,"featured_media":0,"parent":0,"menu_order":0,"comment_status":"closed","ping_status":"closed","template":"","meta":{"content-type":"","footnotes":""},"class_list":["post-1280","page","type-page","status-publish","hentry"],"yoast_head":"<!-- This site is optimized with the Yoast SEO plugin v27.4 - https:\/\/yoast.com\/product\/yoast-seo-wordpress\/ -->\n<title>Seguran\u00e7a de dados - Syndesis Health<\/title>\n<meta name=\"robots\" content=\"index, follow, max-snippet:-1, max-image-preview:large, max-video-preview:-1\" \/>\n<link rel=\"canonical\" href=\"https:\/\/syndesis.com\/pt-br\/seguranca-de-dados\/\" \/>\n<meta property=\"og:locale\" content=\"pt_BR\" \/>\n<meta property=\"og:type\" content=\"article\" \/>\n<meta property=\"og:title\" content=\"Seguran\u00e7a de dados - Syndesis Health\" \/>\n<meta property=\"og:description\" content=\"Seguran\u00e7a, privacidade e \u00e9tica A Syndesis Health leva muito a s\u00e9rio a seguran\u00e7a, a privacidade e o uso \u00e9tico dos dados. Entendemos e reconhecemos a import\u00e2ncia da prote\u00e7\u00e3o e da privacidade dos dados para nossos parceiros hospitalares e outros participantes da Syndesis Health Network. Nossos processos e uso de tecnologia s\u00e3o projetados com uma mentalidade [&hellip;]\" \/>\n<meta property=\"og:url\" content=\"https:\/\/syndesis.com\/pt-br\/seguranca-de-dados\/\" \/>\n<meta property=\"og:site_name\" content=\"Syndesis Health\" \/>\n<meta property=\"article:modified_time\" content=\"2024-01-04T19:45:59+00:00\" \/>\n<meta name=\"twitter:card\" content=\"summary_large_image\" \/>\n<meta name=\"twitter:site\" content=\"@syndesis_health\" \/>\n<script type=\"application\/ld+json\" class=\"yoast-schema-graph\">{\"@context\":\"https:\\\/\\\/schema.org\",\"@graph\":[{\"@type\":\"WebPage\",\"@id\":\"https:\\\/\\\/syndesis.com\\\/pt-br\\\/seguranca-de-dados\\\/\",\"url\":\"https:\\\/\\\/syndesis.com\\\/pt-br\\\/seguranca-de-dados\\\/\",\"name\":\"Seguran\u00e7a de dados - Syndesis Health\",\"isPartOf\":{\"@id\":\"https:\\\/\\\/syndesis.com\\\/pt-br\\\/#website\"},\"datePublished\":\"2022-10-26T18:36:07+00:00\",\"dateModified\":\"2024-01-04T19:45:59+00:00\",\"breadcrumb\":{\"@id\":\"https:\\\/\\\/syndesis.com\\\/pt-br\\\/seguranca-de-dados\\\/#breadcrumb\"},\"inLanguage\":\"pt-BR\",\"potentialAction\":[{\"@type\":\"ReadAction\",\"target\":[\"https:\\\/\\\/syndesis.com\\\/pt-br\\\/seguranca-de-dados\\\/\"]}]},{\"@type\":\"BreadcrumbList\",\"@id\":\"https:\\\/\\\/syndesis.com\\\/pt-br\\\/seguranca-de-dados\\\/#breadcrumb\",\"itemListElement\":[{\"@type\":\"ListItem\",\"position\":1,\"name\":\"Home\",\"item\":\"https:\\\/\\\/syndesis.com\\\/pt-br\\\/\"},{\"@type\":\"ListItem\",\"position\":2,\"name\":\"Seguran\u00e7a de dados\"}]},{\"@type\":\"WebSite\",\"@id\":\"https:\\\/\\\/syndesis.com\\\/pt-br\\\/#website\",\"url\":\"https:\\\/\\\/syndesis.com\\\/pt-br\\\/\",\"name\":\"Syndesis Health\",\"description\":\"\",\"publisher\":{\"@id\":\"https:\\\/\\\/syndesis.com\\\/pt-br\\\/#organization\"},\"potentialAction\":[{\"@type\":\"SearchAction\",\"target\":{\"@type\":\"EntryPoint\",\"urlTemplate\":\"https:\\\/\\\/syndesis.com\\\/pt-br\\\/?s={search_term_string}\"},\"query-input\":{\"@type\":\"PropertyValueSpecification\",\"valueRequired\":true,\"valueName\":\"search_term_string\"}}],\"inLanguage\":\"pt-BR\"},{\"@type\":\"Organization\",\"@id\":\"https:\\\/\\\/syndesis.com\\\/pt-br\\\/#organization\",\"name\":\"Syndesis Health\",\"url\":\"https:\\\/\\\/syndesis.com\\\/pt-br\\\/\",\"logo\":{\"@type\":\"ImageObject\",\"inLanguage\":\"pt-BR\",\"@id\":\"https:\\\/\\\/syndesis.com\\\/pt-br\\\/#\\\/schema\\\/logo\\\/image\\\/\",\"url\":\"https:\\\/\\\/syndesis.com\\\/wp-content\\\/uploads\\\/2023\\\/04\\\/Website-logo_4.25.png\",\"contentUrl\":\"https:\\\/\\\/syndesis.com\\\/wp-content\\\/uploads\\\/2023\\\/04\\\/Website-logo_4.25.png\",\"width\":673,\"height\":140,\"caption\":\"Syndesis Health\"},\"image\":{\"@id\":\"https:\\\/\\\/syndesis.com\\\/pt-br\\\/#\\\/schema\\\/logo\\\/image\\\/\"},\"sameAs\":[\"https:\\\/\\\/x.com\\\/syndesis_health\",\"https:\\\/\\\/www.linkedin.com\\\/company\\\/syndesis-health\"]}]}<\/script>\n<!-- \/ Yoast SEO plugin. -->","yoast_head_json":{"title":"Seguran\u00e7a de dados - Syndesis Health","robots":{"index":"index","follow":"follow","max-snippet":"max-snippet:-1","max-image-preview":"max-image-preview:large","max-video-preview":"max-video-preview:-1"},"canonical":"https:\/\/syndesis.com\/pt-br\/seguranca-de-dados\/","og_locale":"pt_BR","og_type":"article","og_title":"Seguran\u00e7a de dados - Syndesis Health","og_description":"Seguran\u00e7a, privacidade e \u00e9tica A Syndesis Health leva muito a s\u00e9rio a seguran\u00e7a, a privacidade e o uso \u00e9tico dos dados. Entendemos e reconhecemos a import\u00e2ncia da prote\u00e7\u00e3o e da privacidade dos dados para nossos parceiros hospitalares e outros participantes da Syndesis Health Network. Nossos processos e uso de tecnologia s\u00e3o projetados com uma mentalidade [&hellip;]","og_url":"https:\/\/syndesis.com\/pt-br\/seguranca-de-dados\/","og_site_name":"Syndesis Health","article_modified_time":"2024-01-04T19:45:59+00:00","twitter_card":"summary_large_image","twitter_site":"@syndesis_health","schema":{"@context":"https:\/\/schema.org","@graph":[{"@type":"WebPage","@id":"https:\/\/syndesis.com\/pt-br\/seguranca-de-dados\/","url":"https:\/\/syndesis.com\/pt-br\/seguranca-de-dados\/","name":"Seguran\u00e7a de dados - Syndesis Health","isPartOf":{"@id":"https:\/\/syndesis.com\/pt-br\/#website"},"datePublished":"2022-10-26T18:36:07+00:00","dateModified":"2024-01-04T19:45:59+00:00","breadcrumb":{"@id":"https:\/\/syndesis.com\/pt-br\/seguranca-de-dados\/#breadcrumb"},"inLanguage":"pt-BR","potentialAction":[{"@type":"ReadAction","target":["https:\/\/syndesis.com\/pt-br\/seguranca-de-dados\/"]}]},{"@type":"BreadcrumbList","@id":"https:\/\/syndesis.com\/pt-br\/seguranca-de-dados\/#breadcrumb","itemListElement":[{"@type":"ListItem","position":1,"name":"Home","item":"https:\/\/syndesis.com\/pt-br\/"},{"@type":"ListItem","position":2,"name":"Seguran\u00e7a de dados"}]},{"@type":"WebSite","@id":"https:\/\/syndesis.com\/pt-br\/#website","url":"https:\/\/syndesis.com\/pt-br\/","name":"Syndesis Health","description":"","publisher":{"@id":"https:\/\/syndesis.com\/pt-br\/#organization"},"potentialAction":[{"@type":"SearchAction","target":{"@type":"EntryPoint","urlTemplate":"https:\/\/syndesis.com\/pt-br\/?s={search_term_string}"},"query-input":{"@type":"PropertyValueSpecification","valueRequired":true,"valueName":"search_term_string"}}],"inLanguage":"pt-BR"},{"@type":"Organization","@id":"https:\/\/syndesis.com\/pt-br\/#organization","name":"Syndesis Health","url":"https:\/\/syndesis.com\/pt-br\/","logo":{"@type":"ImageObject","inLanguage":"pt-BR","@id":"https:\/\/syndesis.com\/pt-br\/#\/schema\/logo\/image\/","url":"https:\/\/syndesis.com\/wp-content\/uploads\/2023\/04\/Website-logo_4.25.png","contentUrl":"https:\/\/syndesis.com\/wp-content\/uploads\/2023\/04\/Website-logo_4.25.png","width":673,"height":140,"caption":"Syndesis Health"},"image":{"@id":"https:\/\/syndesis.com\/pt-br\/#\/schema\/logo\/image\/"},"sameAs":["https:\/\/x.com\/syndesis_health","https:\/\/www.linkedin.com\/company\/syndesis-health"]}]}},"_links":{"self":[{"href":"https:\/\/syndesis.com\/pt-br\/wp-json\/wp\/v2\/pages\/1280","targetHints":{"allow":["GET"]}}],"collection":[{"href":"https:\/\/syndesis.com\/pt-br\/wp-json\/wp\/v2\/pages"}],"about":[{"href":"https:\/\/syndesis.com\/pt-br\/wp-json\/wp\/v2\/types\/page"}],"author":[{"embeddable":true,"href":"https:\/\/syndesis.com\/pt-br\/wp-json\/wp\/v2\/users\/1"}],"replies":[{"embeddable":true,"href":"https:\/\/syndesis.com\/pt-br\/wp-json\/wp\/v2\/comments?post=1280"}],"version-history":[{"count":0,"href":"https:\/\/syndesis.com\/pt-br\/wp-json\/wp\/v2\/pages\/1280\/revisions"}],"wp:attachment":[{"href":"https:\/\/syndesis.com\/pt-br\/wp-json\/wp\/v2\/media?parent=1280"}],"curies":[{"name":"wp","href":"https:\/\/api.w.org\/{rel}","templated":true}]}}