{"id":1404,"date":"2024-01-02T17:26:17","date_gmt":"2024-01-02T17:26:17","guid":{"rendered":"https:\/\/syndesisdev.wpengine.com\/?page_id=1404"},"modified":"2024-01-03T16:37:20","modified_gmt":"2024-01-03T16:37:20","slug":"revolucao-da-ia-na-pratica-medica","status":"publish","type":"page","link":"https:\/\/syndesis.com\/pt-br\/revolucao-da-ia-na-pratica-medica\/","title":{"rendered":"Revolu\u00e7\u00e3o da IA na pr\u00e1tica m\u00e9dica"},"content":{"rendered":"\t\t<div data-elementor-type=\"wp-page\" data-elementor-id=\"1404\" class=\"elementor elementor-1404 elementor-1402\" data-elementor-post-type=\"page\">\n\t\t\t\t\t\t<section class=\"elementor-section elementor-top-section elementor-element elementor-element-04d0cf4 elementor-section-boxed elementor-section-height-default elementor-section-height-default\" data-id=\"04d0cf4\" data-element_type=\"section\" data-e-type=\"section\">\n\t\t\t\t\t\t<div class=\"elementor-container elementor-column-gap-default\">\n\t\t\t\t\t<div class=\"elementor-column elementor-col-100 elementor-top-column elementor-element elementor-element-a8b4dfe\" data-id=\"a8b4dfe\" data-element_type=\"column\" data-e-type=\"column\">\n\t\t\t<div class=\"elementor-widget-wrap elementor-element-populated\">\n\t\t\t\t\t\t<div class=\"elementor-element elementor-element-86d720c elementor-widget elementor-widget-spacer\" data-id=\"86d720c\" data-element_type=\"widget\" data-e-type=\"widget\" data-widget_type=\"spacer.default\">\n\t\t\t\t<div class=\"elementor-widget-container\">\n\t\t\t\t\t\t\t<div class=\"elementor-spacer\">\n\t\t\t<div class=\"elementor-spacer-inner\"><\/div>\n\t\t<\/div>\n\t\t\t\t\t\t<\/div>\n\t\t\t\t<\/div>\n\t\t\t\t\t<\/div>\n\t\t<\/div>\n\t\t\t\t\t<\/div>\n\t\t<\/section>\n\t\t\t\t<section class=\"elementor-section elementor-top-section elementor-element elementor-element-ba479fb elementor-section-boxed elementor-section-height-default elementor-section-height-default\" data-id=\"ba479fb\" data-element_type=\"section\" data-e-type=\"section\">\n\t\t\t\t\t\t<div class=\"elementor-container elementor-column-gap-default\">\n\t\t\t\t\t<div class=\"elementor-column elementor-col-100 elementor-top-column elementor-element elementor-element-b9b6538\" data-id=\"b9b6538\" data-element_type=\"column\" data-e-type=\"column\">\n\t\t\t<div class=\"elementor-widget-wrap elementor-element-populated\">\n\t\t\t\t\t\t<div class=\"elementor-element elementor-element-0634860 elementor-widget elementor-widget-button\" data-id=\"0634860\" data-element_type=\"widget\" data-e-type=\"widget\" data-widget_type=\"button.default\">\n\t\t\t\t<div class=\"elementor-widget-container\">\n\t\t\t\t\t\t\t\t\t<div class=\"elementor-button-wrapper\">\n\t\t\t\t\t<a class=\"elementor-button elementor-button-link elementor-size-sm\" href=\"https:\/\/syndesis.com\/pt-br\/o-que-ha-de-novo\/\">\n\t\t\t\t\t\t<span class=\"elementor-button-content-wrapper\">\n\t\t\t\t\t\t<span class=\"elementor-button-icon\">\n\t\t\t\t<i aria-hidden=\"true\" class=\"fas fa-angle-left\"><\/i>\t\t\t<\/span>\n\t\t\t\t\t\t\t\t\t<span class=\"elementor-button-text\">O que h\u00e1 de novo<\/span>\n\t\t\t\t\t<\/span>\n\t\t\t\t\t<\/a>\n\t\t\t\t<\/div>\n\t\t\t\t\t\t\t\t<\/div>\n\t\t\t\t<\/div>\n\t\t\t\t<div class=\"elementor-element elementor-element-26389b6 elementor-cta--valign-bottom elementor-cta--skin-classic elementor-animated-content elementor-widget elementor-widget-call-to-action\" data-id=\"26389b6\" data-element_type=\"widget\" data-e-type=\"widget\" data-settings=\"{&quot;_animation&quot;:&quot;none&quot;}\" data-widget_type=\"call-to-action.default\">\n\t\t\t\t<div class=\"elementor-widget-container\">\n\t\t\t\t\t\t\t<div class=\"elementor-cta\">\n\t\t\t\t\t<div class=\"elementor-cta__bg-wrapper\">\n\t\t\t\t<div class=\"elementor-cta__bg elementor-bg\" style=\"background-image: url(https:\/\/syndesis.com\/wp-content\/uploads\/2024\/01\/banner-2.jpg);\" role=\"img\" aria-label=\"banner-2\"><\/div>\n\t\t\t\t<div class=\"elementor-cta__bg-overlay\"><\/div>\n\t\t\t<\/div>\n\t\t\t\t\t\t\t<div class=\"elementor-cta__content\">\n\t\t\t\t\n\t\t\t\t\t\t\t\t\t<h2 class=\"elementor-cta__title elementor-cta__content-item elementor-content-item\">\n\t\t\t\t\t\tRevolu\u00e7\u00e3o da IA na pr\u00e1tica m\u00e9dica\t\t\t\t\t<\/h2>\n\t\t\t\t\n\t\t\t\t\t\t\t\t\t<div class=\"elementor-cta__description elementor-cta__content-item elementor-content-item\">\n\t\t\t\t\t\t<p>Neste white paper da Syndesis Health, George Zarkadakis explora como a IA generativa<br \/>\ndar\u00e1 in\u00edcio a uma nova era para m\u00e9dicos e pacientes em todo o mundo (em ingl\u00eas). <\/p>\n\t\t\t\t\t<\/div>\n\t\t\t\t\n\t\t\t\t\t\t\t\t\t<div class=\"elementor-cta__button-wrapper elementor-cta__content-item elementor-content-item \">\n\t\t\t\t\t<a class=\"elementor-cta__button elementor-button elementor-size-\" href=\"https:\/\/syndesis.com\/wp-content\/uploads\/2024\/01\/AI-Revolution-in-Medical-Practice_final.pdf\" target=\"_blank\" download=\"AI-Revolution-in-Medical-Practice_final.pdf\">\n\t\t\t\t\t\tBaixar hoje\t\t\t\t\t<\/a>\n\t\t\t\t\t<\/div>\n\t\t\t\t\t\t\t<\/div>\n\t\t\t\t\t\t<\/div>\n\t\t\t\t\t\t<\/div>\n\t\t\t\t<\/div>\n\t\t\t\t\t<\/div>\n\t\t<\/div>\n\t\t\t\t\t<\/div>\n\t\t<\/section>\n\t\t\t\t<section class=\"elementor-section elementor-top-section elementor-element elementor-element-958676b elementor-section-boxed elementor-section-height-default elementor-section-height-default\" data-id=\"958676b\" data-element_type=\"section\" data-e-type=\"section\">\n\t\t\t\t\t\t<div class=\"elementor-container elementor-column-gap-default\">\n\t\t\t\t\t<div class=\"elementor-column elementor-col-100 elementor-top-column elementor-element elementor-element-bb686d5\" data-id=\"bb686d5\" data-element_type=\"column\" data-e-type=\"column\">\n\t\t\t<div class=\"elementor-widget-wrap elementor-element-populated\">\n\t\t\t\t\t\t<section class=\"elementor-section elementor-inner-section elementor-element elementor-element-49b7968 elementor-section-boxed elementor-section-height-default elementor-section-height-default\" data-id=\"49b7968\" data-element_type=\"section\" data-e-type=\"section\">\n\t\t\t\t\t\t<div class=\"elementor-container elementor-column-gap-default\">\n\t\t\t\t\t<div class=\"elementor-column elementor-col-50 elementor-inner-column elementor-element elementor-element-16035fd\" data-id=\"16035fd\" data-element_type=\"column\" data-e-type=\"column\">\n\t\t\t<div class=\"elementor-widget-wrap elementor-element-populated\">\n\t\t\t\t\t\t<div class=\"elementor-element elementor-element-471d43d elementor-widget elementor-widget-spacer\" data-id=\"471d43d\" data-element_type=\"widget\" data-e-type=\"widget\" data-widget_type=\"spacer.default\">\n\t\t\t\t<div class=\"elementor-widget-container\">\n\t\t\t\t\t\t\t<div class=\"elementor-spacer\">\n\t\t\t<div class=\"elementor-spacer-inner\"><\/div>\n\t\t<\/div>\n\t\t\t\t\t\t<\/div>\n\t\t\t\t<\/div>\n\t\t\t\t<div class=\"elementor-element elementor-element-f102ffa elementor-widget elementor-widget-text-editor\" data-id=\"f102ffa\" data-element_type=\"widget\" data-e-type=\"widget\" data-widget_type=\"text-editor.default\">\n\t\t\t\t<div class=\"elementor-widget-container\">\n\t\t\t\t\t\t\t\t\t<p>Quatro fatores principais est\u00e3o despertando um interesse fenomenal em aplicativos de intelig\u00eancia artificial (IA) para a medicina:<\/p><ul><li>Um dil\u00favio de dados m\u00e9dicos que est\u00e1 exigindo a aten\u00e7\u00e3o de pesquisadores e profissionais da \u00e1rea m\u00e9dica<\/li><li>Custos crescentes que est\u00e3o pressionando cada vez mais os or\u00e7amentos nacionais para o setor de sa\u00fade<\/li><li>O crescimento exponencial do conhecimento m\u00e9dico que precisa ser explorado para obter insights<\/li><li>Escassez de conhecimento m\u00e9dico aprofundado, especialmente nas \u00e1reas em desenvolvimento do mundo<\/li><\/ul><div>\u00a0<\/div><div>\u00a0<\/div><div>Neste white paper, analisaremos como a IA est\u00e1 lidando com esses quatro grandes desafios, exploraremos casos de uso e tend\u00eancias proeminentes de sistemas de IA m\u00e9dica, discutiremos os riscos e desafios de integrar a IA avan\u00e7ada \u00e0 pr\u00e1tica m\u00e9dica di\u00e1ria e forneceremos uma estrutura para que as organiza\u00e7\u00f5es de sa\u00fade possam desenvolver e executar estrat\u00e9gias bem-sucedidas para a ado\u00e7\u00e3o da IA.<\/div>\t\t\t\t\t\t\t\t<\/div>\n\t\t\t\t<\/div>\n\t\t\t\t\t<\/div>\n\t\t<\/div>\n\t\t\t\t<div class=\"elementor-column elementor-col-50 elementor-inner-column elementor-element elementor-element-4ce897e\" data-id=\"4ce897e\" data-element_type=\"column\" data-e-type=\"column\">\n\t\t\t<div class=\"elementor-widget-wrap elementor-element-populated\">\n\t\t\t\t\t\t<div class=\"elementor-element elementor-element-267dcda elementor-widget elementor-widget-spacer\" data-id=\"267dcda\" data-element_type=\"widget\" data-e-type=\"widget\" data-widget_type=\"spacer.default\">\n\t\t\t\t<div class=\"elementor-widget-container\">\n\t\t\t\t\t\t\t<div class=\"elementor-spacer\">\n\t\t\t<div class=\"elementor-spacer-inner\"><\/div>\n\t\t<\/div>\n\t\t\t\t\t\t<\/div>\n\t\t\t\t<\/div>\n\t\t\t\t<div class=\"elementor-element elementor-element-6a6195b elementor-widget elementor-widget-image\" data-id=\"6a6195b\" data-element_type=\"widget\" data-e-type=\"widget\" data-widget_type=\"image.default\">\n\t\t\t\t<div class=\"elementor-widget-container\">\n\t\t\t\t\t\t\t\t\t\t\t\t\t\t\t\t<a href=\"\/wp-content\/uploads\/2024\/01\/AI-Revolution-in-Medical-Practice_final.pdf\" download=\"AI-Revolution-in-Medical-Practice_final.pdf\">\n\t\t\t\t\t\t\t<img fetchpriority=\"high\" decoding=\"async\" width=\"234\" height=\"300\" src=\"https:\/\/syndesis.com\/wp-content\/uploads\/2024\/01\/AI-medicine-cover-234x300.png\" class=\"attachment-medium size-medium wp-image-1415\" alt=\"\" srcset=\"https:\/\/syndesis.com\/wp-content\/uploads\/2024\/01\/AI-medicine-cover-234x300.png 234w, https:\/\/syndesis.com\/wp-content\/uploads\/2024\/01\/AI-medicine-cover-800x1024.png 800w, https:\/\/syndesis.com\/wp-content\/uploads\/2024\/01\/AI-medicine-cover-768x983.png 768w, https:\/\/syndesis.com\/wp-content\/uploads\/2024\/01\/AI-medicine-cover.png 944w\" sizes=\"(max-width: 234px) 100vw, 234px\" \/>\t\t\t\t\t\t\t\t<\/a>\n\t\t\t\t\t\t\t\t\t\t\t\t\t\t\t<\/div>\n\t\t\t\t<\/div>\n\t\t\t\t<div class=\"elementor-element elementor-element-7153537 elementor-widget elementor-widget-spacer\" data-id=\"7153537\" data-element_type=\"widget\" data-e-type=\"widget\" data-widget_type=\"spacer.default\">\n\t\t\t\t<div class=\"elementor-widget-container\">\n\t\t\t\t\t\t\t<div class=\"elementor-spacer\">\n\t\t\t<div class=\"elementor-spacer-inner\"><\/div>\n\t\t<\/div>\n\t\t\t\t\t\t<\/div>\n\t\t\t\t<\/div>\n\t\t\t\t<div class=\"elementor-element elementor-element-6b51661 elementor-align-center elementor-widget elementor-widget-button\" data-id=\"6b51661\" data-element_type=\"widget\" data-e-type=\"widget\" data-widget_type=\"button.default\">\n\t\t\t\t<div class=\"elementor-widget-container\">\n\t\t\t\t\t\t\t\t\t<div class=\"elementor-button-wrapper\">\n\t\t\t\t\t<a class=\"elementor-button elementor-button-link elementor-size-sm\" href=\"https:\/\/syndesis.com\/wp-content\/uploads\/2024\/01\/AI-Revolution-in-Medical-Practice_final.pdf\" download=\"AI-Revolution-in-Medical-Practice_final.pdf\">\n\t\t\t\t\t\t<span class=\"elementor-button-content-wrapper\">\n\t\t\t\t\t\t\t\t\t<span class=\"elementor-button-text\">Leia mais<\/span>\n\t\t\t\t\t<\/span>\n\t\t\t\t\t<\/a>\n\t\t\t\t<\/div>\n\t\t\t\t\t\t\t\t<\/div>\n\t\t\t\t<\/div>\n\t\t\t\t\t<\/div>\n\t\t<\/div>\n\t\t\t\t\t<\/div>\n\t\t<\/section>\n\t\t\t\t\t<\/div>\n\t\t<\/div>\n\t\t\t\t\t<\/div>\n\t\t<\/section>\n\t\t\t\t<section class=\"elementor-section elementor-top-section elementor-element elementor-element-c44631d elementor-section-boxed elementor-section-height-default elementor-section-height-default\" data-id=\"c44631d\" data-element_type=\"section\" data-e-type=\"section\">\n\t\t\t\t\t\t<div class=\"elementor-container elementor-column-gap-default\">\n\t\t\t\t\t<div class=\"elementor-column elementor-col-100 elementor-top-column elementor-element elementor-element-91fc093\" data-id=\"91fc093\" data-element_type=\"column\" data-e-type=\"column\">\n\t\t\t<div class=\"elementor-widget-wrap elementor-element-populated\">\n\t\t\t\t\t\t<div class=\"elementor-element elementor-element-a321af8 elementor-widget elementor-widget-spacer\" data-id=\"a321af8\" data-element_type=\"widget\" data-e-type=\"widget\" data-widget_type=\"spacer.default\">\n\t\t\t\t<div class=\"elementor-widget-container\">\n\t\t\t\t\t\t\t<div class=\"elementor-spacer\">\n\t\t\t<div class=\"elementor-spacer-inner\"><\/div>\n\t\t<\/div>\n\t\t\t\t\t\t<\/div>\n\t\t\t\t<\/div>\n\t\t\t\t\t<\/div>\n\t\t<\/div>\n\t\t\t\t\t<\/div>\n\t\t<\/section>\n\t\t\t\t<\/div>\n\t\t","protected":false},"excerpt":{"rendered":"<p>O que h\u00e1 de novo Revolu\u00e7\u00e3o da IA na pr\u00e1tica m\u00e9dica Neste white paper da Syndesis Health, George Zarkadakis explora como a IA generativa dar\u00e1 in\u00edcio a uma nova era para m\u00e9dicos e pacientes em todo o mundo (em ingl\u00eas). Baixar hoje Quatro fatores principais est\u00e3o despertando um interesse fenomenal em aplicativos de intelig\u00eancia artificial [&hellip;]<\/p>\n","protected":false},"author":1,"featured_media":1415,"parent":0,"menu_order":0,"comment_status":"closed","ping_status":"closed","template":"elementor_header_footer","meta":{"content-type":"","footnotes":""},"class_list":["post-1404","page","type-page","status-publish","has-post-thumbnail","hentry"],"yoast_head":"<!-- This site is optimized with the Yoast SEO plugin v27.6 - https:\/\/yoast.com\/product\/yoast-seo-wordpress\/ -->\n<title>Download Now - Revolu\u00e7\u00e3o da IA na pr\u00e1tica m\u00e9dica<\/title>\n<meta name=\"description\" content=\"Explore as oportunidades para organiza\u00e7\u00f5es de sa\u00fade e ci\u00eancias biol\u00f3gicas que est\u00e3o abertas a adotar um futuro baseado em valor, IA e orientado por dados.\" \/>\n<meta name=\"robots\" content=\"index, follow, max-snippet:-1, max-image-preview:large, max-video-preview:-1\" \/>\n<link rel=\"canonical\" href=\"https:\/\/syndesis.com\/pt-br\/revolucao-da-ia-na-pratica-medica\/\" \/>\n<meta property=\"og:locale\" content=\"pt_BR\" \/>\n<meta property=\"og:type\" content=\"article\" \/>\n<meta property=\"og:title\" content=\"Download Now - Revolu\u00e7\u00e3o da IA na pr\u00e1tica m\u00e9dica\" \/>\n<meta property=\"og:description\" content=\"Explore as oportunidades para organiza\u00e7\u00f5es de sa\u00fade e ci\u00eancias biol\u00f3gicas que est\u00e3o abertas a adotar um futuro baseado em valor, IA e orientado por dados.\" \/>\n<meta property=\"og:url\" content=\"https:\/\/syndesis.com\/pt-br\/revolucao-da-ia-na-pratica-medica\/\" \/>\n<meta property=\"og:site_name\" content=\"Syndesis Health\" \/>\n<meta property=\"article:modified_time\" content=\"2024-01-03T16:37:20+00:00\" \/>\n<meta property=\"og:image\" content=\"https:\/\/syndesis.com\/wp-content\/uploads\/2024\/01\/AI-medicine-cover.png\" \/>\n\t<meta property=\"og:image:width\" content=\"944\" \/>\n\t<meta property=\"og:image:height\" content=\"1208\" \/>\n\t<meta property=\"og:image:type\" content=\"image\/png\" \/>\n<meta name=\"twitter:card\" content=\"summary_large_image\" \/>\n<meta name=\"twitter:site\" content=\"@syndesis_health\" \/>\n<script type=\"application\/ld+json\" class=\"yoast-schema-graph\">{\"@context\":\"https:\\\/\\\/schema.org\",\"@graph\":[{\"@type\":\"WebPage\",\"@id\":\"https:\\\/\\\/syndesis.com\\\/pt-br\\\/revolucao-da-ia-na-pratica-medica\\\/\",\"url\":\"https:\\\/\\\/syndesis.com\\\/pt-br\\\/revolucao-da-ia-na-pratica-medica\\\/\",\"name\":\"Download Now - Revolu\u00e7\u00e3o da IA na pr\u00e1tica m\u00e9dica\",\"isPartOf\":{\"@id\":\"https:\\\/\\\/syndesis.com\\\/pt-br\\\/#website\"},\"primaryImageOfPage\":{\"@id\":\"https:\\\/\\\/syndesis.com\\\/pt-br\\\/revolucao-da-ia-na-pratica-medica\\\/#primaryimage\"},\"image\":{\"@id\":\"https:\\\/\\\/syndesis.com\\\/pt-br\\\/revolucao-da-ia-na-pratica-medica\\\/#primaryimage\"},\"thumbnailUrl\":\"https:\\\/\\\/syndesis.com\\\/wp-content\\\/uploads\\\/2024\\\/01\\\/AI-medicine-cover.png\",\"datePublished\":\"2024-01-02T17:26:17+00:00\",\"dateModified\":\"2024-01-03T16:37:20+00:00\",\"description\":\"Explore as oportunidades para organiza\u00e7\u00f5es de sa\u00fade e ci\u00eancias biol\u00f3gicas que est\u00e3o abertas a adotar um futuro baseado em valor, IA e orientado por dados.\",\"breadcrumb\":{\"@id\":\"https:\\\/\\\/syndesis.com\\\/pt-br\\\/revolucao-da-ia-na-pratica-medica\\\/#breadcrumb\"},\"inLanguage\":\"pt-BR\",\"potentialAction\":[{\"@type\":\"ReadAction\",\"target\":[\"https:\\\/\\\/syndesis.com\\\/pt-br\\\/revolucao-da-ia-na-pratica-medica\\\/\"]}]},{\"@type\":\"ImageObject\",\"inLanguage\":\"pt-BR\",\"@id\":\"https:\\\/\\\/syndesis.com\\\/pt-br\\\/revolucao-da-ia-na-pratica-medica\\\/#primaryimage\",\"url\":\"https:\\\/\\\/syndesis.com\\\/wp-content\\\/uploads\\\/2024\\\/01\\\/AI-medicine-cover.png\",\"contentUrl\":\"https:\\\/\\\/syndesis.com\\\/wp-content\\\/uploads\\\/2024\\\/01\\\/AI-medicine-cover.png\",\"width\":944,\"height\":1208},{\"@type\":\"BreadcrumbList\",\"@id\":\"https:\\\/\\\/syndesis.com\\\/pt-br\\\/revolucao-da-ia-na-pratica-medica\\\/#breadcrumb\",\"itemListElement\":[{\"@type\":\"ListItem\",\"position\":1,\"name\":\"Home\",\"item\":\"https:\\\/\\\/syndesis.com\\\/pt-br\\\/\"},{\"@type\":\"ListItem\",\"position\":2,\"name\":\"Revolu\u00e7\u00e3o da IA na pr\u00e1tica m\u00e9dica\"}]},{\"@type\":\"WebSite\",\"@id\":\"https:\\\/\\\/syndesis.com\\\/pt-br\\\/#website\",\"url\":\"https:\\\/\\\/syndesis.com\\\/pt-br\\\/\",\"name\":\"Syndesis Health\",\"description\":\"\",\"publisher\":{\"@id\":\"https:\\\/\\\/syndesis.com\\\/pt-br\\\/#organization\"},\"potentialAction\":[{\"@type\":\"SearchAction\",\"target\":{\"@type\":\"EntryPoint\",\"urlTemplate\":\"https:\\\/\\\/syndesis.com\\\/pt-br\\\/?s={search_term_string}\"},\"query-input\":{\"@type\":\"PropertyValueSpecification\",\"valueRequired\":true,\"valueName\":\"search_term_string\"}}],\"inLanguage\":\"pt-BR\"},{\"@type\":\"Organization\",\"@id\":\"https:\\\/\\\/syndesis.com\\\/pt-br\\\/#organization\",\"name\":\"Syndesis Health\",\"url\":\"https:\\\/\\\/syndesis.com\\\/pt-br\\\/\",\"logo\":{\"@type\":\"ImageObject\",\"inLanguage\":\"pt-BR\",\"@id\":\"https:\\\/\\\/syndesis.com\\\/pt-br\\\/#\\\/schema\\\/logo\\\/image\\\/\",\"url\":\"https:\\\/\\\/syndesis.com\\\/wp-content\\\/uploads\\\/2023\\\/04\\\/Website-logo_4.25.png\",\"contentUrl\":\"https:\\\/\\\/syndesis.com\\\/wp-content\\\/uploads\\\/2023\\\/04\\\/Website-logo_4.25.png\",\"width\":673,\"height\":140,\"caption\":\"Syndesis Health\"},\"image\":{\"@id\":\"https:\\\/\\\/syndesis.com\\\/pt-br\\\/#\\\/schema\\\/logo\\\/image\\\/\"},\"sameAs\":[\"https:\\\/\\\/x.com\\\/syndesis_health\",\"https:\\\/\\\/www.linkedin.com\\\/company\\\/syndesis-health\"]}]}<\/script>\n<!-- \/ Yoast SEO plugin. -->","yoast_head_json":{"title":"Download Now - Revolu\u00e7\u00e3o da IA na pr\u00e1tica m\u00e9dica","description":"Explore as oportunidades para organiza\u00e7\u00f5es de sa\u00fade e ci\u00eancias biol\u00f3gicas que est\u00e3o abertas a adotar um futuro baseado em valor, IA e orientado por dados.","robots":{"index":"index","follow":"follow","max-snippet":"max-snippet:-1","max-image-preview":"max-image-preview:large","max-video-preview":"max-video-preview:-1"},"canonical":"https:\/\/syndesis.com\/pt-br\/revolucao-da-ia-na-pratica-medica\/","og_locale":"pt_BR","og_type":"article","og_title":"Download Now - Revolu\u00e7\u00e3o da IA na pr\u00e1tica m\u00e9dica","og_description":"Explore as oportunidades para organiza\u00e7\u00f5es de sa\u00fade e ci\u00eancias biol\u00f3gicas que est\u00e3o abertas a adotar um futuro baseado em valor, IA e orientado por dados.","og_url":"https:\/\/syndesis.com\/pt-br\/revolucao-da-ia-na-pratica-medica\/","og_site_name":"Syndesis Health","article_modified_time":"2024-01-03T16:37:20+00:00","og_image":[{"width":944,"height":1208,"url":"https:\/\/syndesis.com\/wp-content\/uploads\/2024\/01\/AI-medicine-cover.png","type":"image\/png"}],"twitter_card":"summary_large_image","twitter_site":"@syndesis_health","schema":{"@context":"https:\/\/schema.org","@graph":[{"@type":"WebPage","@id":"https:\/\/syndesis.com\/pt-br\/revolucao-da-ia-na-pratica-medica\/","url":"https:\/\/syndesis.com\/pt-br\/revolucao-da-ia-na-pratica-medica\/","name":"Download Now - Revolu\u00e7\u00e3o da IA na pr\u00e1tica m\u00e9dica","isPartOf":{"@id":"https:\/\/syndesis.com\/pt-br\/#website"},"primaryImageOfPage":{"@id":"https:\/\/syndesis.com\/pt-br\/revolucao-da-ia-na-pratica-medica\/#primaryimage"},"image":{"@id":"https:\/\/syndesis.com\/pt-br\/revolucao-da-ia-na-pratica-medica\/#primaryimage"},"thumbnailUrl":"https:\/\/syndesis.com\/wp-content\/uploads\/2024\/01\/AI-medicine-cover.png","datePublished":"2024-01-02T17:26:17+00:00","dateModified":"2024-01-03T16:37:20+00:00","description":"Explore as oportunidades para organiza\u00e7\u00f5es de sa\u00fade e ci\u00eancias biol\u00f3gicas que est\u00e3o abertas a adotar um futuro baseado em valor, IA e orientado por dados.","breadcrumb":{"@id":"https:\/\/syndesis.com\/pt-br\/revolucao-da-ia-na-pratica-medica\/#breadcrumb"},"inLanguage":"pt-BR","potentialAction":[{"@type":"ReadAction","target":["https:\/\/syndesis.com\/pt-br\/revolucao-da-ia-na-pratica-medica\/"]}]},{"@type":"ImageObject","inLanguage":"pt-BR","@id":"https:\/\/syndesis.com\/pt-br\/revolucao-da-ia-na-pratica-medica\/#primaryimage","url":"https:\/\/syndesis.com\/wp-content\/uploads\/2024\/01\/AI-medicine-cover.png","contentUrl":"https:\/\/syndesis.com\/wp-content\/uploads\/2024\/01\/AI-medicine-cover.png","width":944,"height":1208},{"@type":"BreadcrumbList","@id":"https:\/\/syndesis.com\/pt-br\/revolucao-da-ia-na-pratica-medica\/#breadcrumb","itemListElement":[{"@type":"ListItem","position":1,"name":"Home","item":"https:\/\/syndesis.com\/pt-br\/"},{"@type":"ListItem","position":2,"name":"Revolu\u00e7\u00e3o da IA na pr\u00e1tica m\u00e9dica"}]},{"@type":"WebSite","@id":"https:\/\/syndesis.com\/pt-br\/#website","url":"https:\/\/syndesis.com\/pt-br\/","name":"Syndesis Health","description":"","publisher":{"@id":"https:\/\/syndesis.com\/pt-br\/#organization"},"potentialAction":[{"@type":"SearchAction","target":{"@type":"EntryPoint","urlTemplate":"https:\/\/syndesis.com\/pt-br\/?s={search_term_string}"},"query-input":{"@type":"PropertyValueSpecification","valueRequired":true,"valueName":"search_term_string"}}],"inLanguage":"pt-BR"},{"@type":"Organization","@id":"https:\/\/syndesis.com\/pt-br\/#organization","name":"Syndesis Health","url":"https:\/\/syndesis.com\/pt-br\/","logo":{"@type":"ImageObject","inLanguage":"pt-BR","@id":"https:\/\/syndesis.com\/pt-br\/#\/schema\/logo\/image\/","url":"https:\/\/syndesis.com\/wp-content\/uploads\/2023\/04\/Website-logo_4.25.png","contentUrl":"https:\/\/syndesis.com\/wp-content\/uploads\/2023\/04\/Website-logo_4.25.png","width":673,"height":140,"caption":"Syndesis Health"},"image":{"@id":"https:\/\/syndesis.com\/pt-br\/#\/schema\/logo\/image\/"},"sameAs":["https:\/\/x.com\/syndesis_health","https:\/\/www.linkedin.com\/company\/syndesis-health"]}]}},"_links":{"self":[{"href":"https:\/\/syndesis.com\/pt-br\/wp-json\/wp\/v2\/pages\/1404","targetHints":{"allow":["GET"]}}],"collection":[{"href":"https:\/\/syndesis.com\/pt-br\/wp-json\/wp\/v2\/pages"}],"about":[{"href":"https:\/\/syndesis.com\/pt-br\/wp-json\/wp\/v2\/types\/page"}],"author":[{"embeddable":true,"href":"https:\/\/syndesis.com\/pt-br\/wp-json\/wp\/v2\/users\/1"}],"replies":[{"embeddable":true,"href":"https:\/\/syndesis.com\/pt-br\/wp-json\/wp\/v2\/comments?post=1404"}],"version-history":[{"count":0,"href":"https:\/\/syndesis.com\/pt-br\/wp-json\/wp\/v2\/pages\/1404\/revisions"}],"wp:featuredmedia":[{"embeddable":true,"href":"https:\/\/syndesis.com\/pt-br\/wp-json\/wp\/v2\/media\/1415"}],"wp:attachment":[{"href":"https:\/\/syndesis.com\/pt-br\/wp-json\/wp\/v2\/media?parent=1404"}],"curies":[{"name":"wp","href":"https:\/\/api.w.org\/{rel}","templated":true}]}}